{"id":192,"date":"2025-11-25T11:22:07","date_gmt":"2025-11-25T11:22:07","guid":{"rendered":"https:\/\/eijiro-z.fr\/?page_id=192"},"modified":"2026-03-18T13:35:05","modified_gmt":"2026-03-18T13:35:05","slug":"about","status":"publish","type":"page","link":"https:\/\/eijiro-z.fr\/index.php\/about\/","title":{"rendered":"\u00c0 PROPOS"},"content":{"rendered":"\t\t<div data-elementor-type=\"wp-page\" data-elementor-id=\"192\" class=\"elementor elementor-192\">\n\t\t\t\t<div class=\"elementor-element elementor-element-2c9649c e-flex e-con-boxed e-con e-parent\" data-id=\"2c9649c\" data-element_type=\"container\" data-e-type=\"container\">\n\t\t\t\t\t<div class=\"e-con-inner\">\n\t\t<div class=\"elementor-element elementor-element-f9dd28f e-con-full e-flex e-con e-child\" data-id=\"f9dd28f\" data-element_type=\"container\" data-e-type=\"container\">\n\t\t<div class=\"elementor-element elementor-element-12bf730 e-con-full e-flex e-con e-child\" data-id=\"12bf730\" data-element_type=\"container\" data-e-type=\"container\">\n\t\t\t\t<div class=\"elementor-element elementor-element-3e350f4 elementor-widget elementor-widget-heading\" data-id=\"3e350f4\" data-element_type=\"widget\" data-e-type=\"widget\" data-widget_type=\"heading.default\">\n\t\t\t\t\t<div class=\"elementor-heading-title elementor-size-default\">Je m'appelle Eijiro et je suis en deuxi\u00e8me ann\u00e9e du Dipl\u00f4me National des M\u00e9tiers d\u2019Art et du Design mention <b>Num\u00e9rique<\/b>, ax\u00e9 <b>graphisme anim\u00e9, motion design et narrations<\/b> \u00e0<a href=\"https:\/\/www.lamartinierediderot.fr\/dn-made-numerique\/\"> l'\u00c9cole Sup\u00e9rieur des Arts Appliqu\u00e9es La Martini\u00e8re Didierot<\/a> \u00e0 Lyon.<\/div>\t\t\t\t<\/div>\n\t\t\t\t<div class=\"elementor-element elementor-element-081d984 elementor-widget elementor-widget-heading\" data-id=\"081d984\" data-element_type=\"widget\" data-e-type=\"widget\" data-widget_type=\"heading.default\">\n\t\t\t\t\t<div class=\"elementor-heading-title elementor-size-default\">Passionn\u00e9 par le <b> motion design 2D et 3D, les interfaces num\u00e9riques interactives, l'\u00e9dition et le montage vid\u00e9o<\/b>, je suis \u00e0 la recherche d'un stage de 8 \u00e0 9 semaines du<\/div>\t\t\t\t<\/div>\n\t\t\t\t<div class=\"elementor-element elementor-element-592ea11 texte-souris elementor-widget elementor-widget-heading\" data-id=\"592ea11\" data-element_type=\"widget\" data-e-type=\"widget\" data-widget_type=\"heading.default\">\n\t\t\t\t\t<div class=\"elementor-heading-title elementor-size-default\"> 27 avril au 26 juin 2026.<\/div>\t\t\t\t<\/div>\n\t\t\t\t<div class=\"elementor-element elementor-element-eda7cdc elementor-widget elementor-widget-heading\" data-id=\"eda7cdc\" data-element_type=\"widget\" data-e-type=\"widget\" data-widget_type=\"heading.default\">\n\t\t\t\t\t<h6 class=\"elementor-heading-title elementor-size-default\"><a href=\"https:\/\/www.instagram.com\/eijiro.z?utm_source=ig_web_button_share_sheet&#038;igsh=ZDNlZDc0MzIxNw%3D%3D\">Instagram<\/a><\/h6>\t\t\t\t<\/div>\n\t\t\t\t<div class=\"elementor-element elementor-element-a58c023 elementor-widget elementor-widget-heading\" data-id=\"a58c023\" data-element_type=\"widget\" data-e-type=\"widget\" data-widget_type=\"heading.default\">\n\t\t\t\t\t<h6 class=\"elementor-heading-title elementor-size-default\"><a href=\"mailto:eijiro.pil@gmail.com\">eijiro.pil[at]gmail.com<\/a><\/h6>\t\t\t\t<\/div>\n\t\t\t\t<div class=\"elementor-element elementor-element-1c9d99b elementor-widget elementor-widget-heading\" data-id=\"1c9d99b\" data-element_type=\"widget\" data-e-type=\"widget\" data-widget_type=\"heading.default\">\n\t\t\t\t\t<h6 class=\"elementor-heading-title elementor-size-default\"><a href=\"http:\/\/eijiro-z.fr\/wp-content\/uploads\/2026\/01\/CV_eijiro_PILLOZ.pdf\">Curriculum Vitae<\/a><\/h6>\t\t\t\t<\/div>\n\t\t\t\t<div class=\"elementor-element elementor-element-775f6b2 elementor-widget elementor-widget-heading\" data-id=\"775f6b2\" data-element_type=\"widget\" data-e-type=\"widget\" data-widget_type=\"heading.default\">\n\t\t\t\t\t<div class=\"elementor-heading-title elementor-size-default\">2024-2027<\/div>\t\t\t\t<\/div>\n\t\t\t\t<div class=\"elementor-element elementor-element-042a377 elementor-widget elementor-widget-heading\" data-id=\"042a377\" data-element_type=\"widget\" data-e-type=\"widget\" data-widget_type=\"heading.default\">\n\t\t\t\t\t<h5 class=\"elementor-heading-title elementor-size-default\">\u00c9SAA La Martini\u00e8re Diderot<\/h5>\t\t\t\t<\/div>\n\t\t\t\t<div class=\"elementor-element elementor-element-d62c63d elementor-widget elementor-widget-heading\" data-id=\"d62c63d\" data-element_type=\"widget\" data-e-type=\"widget\" data-widget_type=\"heading.default\">\n\t\t\t\t\t<div class=\"elementor-heading-title elementor-size-default\">DNMADE Num\u00e9rique<\/div>\t\t\t\t<\/div>\n\t\t\t\t<div class=\"elementor-element elementor-element-db81175 elementor-widget elementor-widget-heading\" data-id=\"db81175\" data-element_type=\"widget\" data-e-type=\"widget\" data-widget_type=\"heading.default\">\n\t\t\t\t\t<div class=\"elementor-heading-title elementor-size-default\">2021-2024<\/div>\t\t\t\t<\/div>\n\t\t\t\t<div class=\"elementor-element elementor-element-a55f203 elementor-widget elementor-widget-heading\" data-id=\"a55f203\" data-element_type=\"widget\" data-e-type=\"widget\" data-widget_type=\"heading.default\">\n\t\t\t\t\t<h5 class=\"elementor-heading-title elementor-size-default\">Lyc\u00e9e Polyvalent Henry Moisand (21)<\/h5>\t\t\t\t<\/div>\n\t\t\t\t<div class=\"elementor-element elementor-element-3ffb8c5 elementor-widget elementor-widget-heading\" data-id=\"3ffb8c5\" data-element_type=\"widget\" data-e-type=\"widget\" data-widget_type=\"heading.default\">\n\t\t\t\t\t<div class=\"elementor-heading-title elementor-size-default\">Sciences et Technologies du Design et des Arts Appliqu\u00e9s<\/div>\t\t\t\t<\/div>\n\t\t\t\t<\/div>\n\t\t\t\t<\/div>\n\t\t<div class=\"elementor-element elementor-element-e194d2e e-con-full e-flex e-con e-child\" data-id=\"e194d2e\" data-element_type=\"container\" data-e-type=\"container\">\n\t\t\t\t<div class=\"elementor-element elementor-element-f9bb53c elementor-widget elementor-widget-html\" data-id=\"f9bb53c\" data-element_type=\"widget\" data-e-type=\"widget\" data-widget_type=\"html.default\">\n\t\t\t\t\t<style>\n\/* Conteneur g\u00e9n\u00e9ral *\/\n.slider-container {\n  overflow: hidden;\n  width: 100%;\n  background: transparent;\n}\n\n\/* Bande qui d\u00e9file *\/\n.slider-track {\n  display: flex;\n  width: max-content;\n  animation: scroll-left 25s linear infinite;\n}\n\n\/* Chaque projet *\/\n.slider-item {\n  flex: 0 0 auto;\n  margin-right: 0px;\n}\n\n.slider-item img {\n  height: 700px; \/* ajuste la taille *\/\n  width: auto;\n  display: block;\n  border-radius: 0px;\n  transition: transform 0.3s ease;\n}\n\n.slider-item img:hover {\n  transform: scale(1.05);\n}\n\n\/* Animation *\/\n@keyframes scroll-left {\n  0% {\n    transform: translateX(0);\n  }\n  100% {\n    transform: translateX(-50%);\n  }\n}\n<\/style>\n\n<div class=\"slider-container\">\n  <div class=\"slider-track\">\n    <!-- PROJETS (dupliqu\u00e9s pour l'effet infini) -->\n    <div class=\"slider-item\">\n      <img decoding=\"async\" src=\"http:\/\/eijiro-z.fr\/wp-content\/uploads\/2026\/01\/Plante-dessin-shoot.jpg\" alt=\"Projet 1\">\n    <\/div>\n    <div class=\"slider-item\">\n      <img decoding=\"async\" src=\"http:\/\/eijiro-z.fr\/wp-content\/uploads\/2026\/01\/Silence_violence.gif\" alt=\"Projet 2\">\n    <\/div>\n    <div class=\"slider-item\">\n      <img decoding=\"async\" src=\"http:\/\/eijiro-z.fr\/wp-content\/uploads\/2026\/02\/magazine-split.jpg\" alt=\"Projet 3\">\n    <\/div>\n    <div class=\"slider-item\">\n      <img decoding=\"async\" src=\"http:\/\/eijiro-z.fr\/wp-content\/uploads\/2026\/01\/montage-clem-180.gif\" alt=\"Projet 4\">\n    <\/div>\n    <div class=\"slider-item\">\n      <img decoding=\"async\" src=\"http:\/\/eijiro-z.fr\/wp-content\/uploads\/2026\/01\/tom-d-gif-1.gif\" alt=\"Projet 5\">\n    <\/div>\n     <div class=\"slider-item\">\n      <img decoding=\"async\" src=\"http:\/\/eijiro-z.fr\/wp-content\/uploads\/2026\/02\/Gus_3D_gif.gif\" alt=\"Projet 6\">\n    <\/div>\n     <div class=\"slider-item\">\n      <img decoding=\"async\" src=\" http:\/\/eijiro-z.fr\/wp-content\/uploads\/2026\/01\/about_01.gif\" alt=\"Projet 7\">\n    <\/div>\n        <div class=\"slider-item\">\n      <img decoding=\"async\" src=\"http:\/\/eijiro-z.fr\/wp-content\/uploads\/2026\/01\/Plante-dessin-shoot.jpg\" alt=\"Projet 1\">\n    <\/div>\n    <div class=\"slider-item\">\n      <img decoding=\"async\" src=\"http:\/\/eijiro-z.fr\/wp-content\/uploads\/2026\/01\/Silence_violence.gif\" alt=\"Projet 2\">\n    <\/div>\n    <div class=\"slider-item\">\n      <img decoding=\"async\" src=\"http:\/\/eijiro-z.fr\/wp-content\/uploads\/2026\/02\/magazine-split.jpg\" alt=\"Projet 3\">\n    <\/div>\n    <div class=\"slider-item\">\n      <img decoding=\"async\" src=\"http:\/\/eijiro-z.fr\/wp-content\/uploads\/2026\/01\/montage-clem-180.gif\" alt=\"Projet 4\">\n    <\/div>\n    <div class=\"slider-item\">\n      <img decoding=\"async\" src=\"http:\/\/eijiro-z.fr\/wp-content\/uploads\/2026\/01\/tom-d-gif-1.gif\" alt=\"Projet 5\">\n    <\/div>\n     <div class=\"slider-item\">\n      <img decoding=\"async\" src=\"http:\/\/eijiro-z.fr\/wp-content\/uploads\/2026\/02\/Gus_3D_gif.gif\" alt=\"Projet 6\">\n       <\/div>\n       <div class=\"slider-item\">\n      <img decoding=\"async\" src=\" http:\/\/eijiro-z.fr\/wp-content\/uploads\/2026\/01\/about_01.gif\" alt=\"Projet 7\">\n      <\/div>\n    <\/div>\n  <\/div>\t\t\t\t<\/div>\n\t\t\t\t<\/div>\n\t\t\t\t\t<\/div>\n\t\t\t\t<\/div>\n\t\t\t\t<\/div>\n\t\t","protected":false},"excerpt":{"rendered":"<p>Je m&#8217;appelle Eijiro et je suis en deuxi\u00e8me ann\u00e9e du Dipl\u00f4me National des M\u00e9tiers d\u2019Art et du Design mention Num\u00e9rique, [&hellip;]<\/p>\n","protected":false},"author":1,"featured_media":0,"parent":0,"menu_order":0,"comment_status":"closed","ping_status":"closed","template":"","meta":{"site-sidebar-layout":"no-sidebar","site-content-layout":"","ast-site-content-layout":"full-width-container","site-content-style":"default","site-sidebar-style":"default","ast-global-header-display":"","ast-banner-title-visibility":"disabled","ast-main-header-display":"","ast-hfb-above-header-display":"","ast-hfb-below-header-display":"","ast-hfb-mobile-header-display":"","site-post-title":"","ast-breadcrumbs-content":"","ast-featured-img":"disabled","footer-sml-layout":"disabled","ast-disable-related-posts":"","theme-transparent-header-meta":"","adv-header-id-meta":"","stick-header-meta":"","header-above-stick-meta":"","header-main-stick-meta":"","header-below-stick-meta":"","astra-migrate-meta-layouts":"default","ast-page-background-enabled":"default","ast-page-background-meta":{"desktop":{"background-color":"var(--ast-global-color-5)","background-image":"","background-repeat":"repeat","background-position":"center center","background-size":"auto","background-attachment":"scroll","background-type":"","background-media":"","overlay-type":"","overlay-color":"","overlay-opacity":"","overlay-gradient":""},"tablet":{"background-color":"","background-image":"","background-repeat":"repeat","background-position":"center center","background-size":"auto","background-attachment":"scroll","background-type":"","background-media":"","overlay-type":"","overlay-color":"","overlay-opacity":"","overlay-gradient":""},"mobile":{"background-color":"","background-image":"","background-repeat":"repeat","background-position":"center center","background-size":"auto","background-attachment":"scroll","background-type":"","background-media":"","overlay-type":"","overlay-color":"","overlay-opacity":"","overlay-gradient":""}},"ast-content-background-meta":{"desktop":{"background-color":"var(--ast-global-color-4)","background-image":"","background-repeat":"repeat","background-position":"center center","background-size":"auto","background-attachment":"scroll","background-type":"","background-media":"","overlay-type":"","overlay-color":"","overlay-opacity":"","overlay-gradient":""},"tablet":{"background-color":"var(--ast-global-color-4)","background-image":"","background-repeat":"repeat","background-position":"center center","background-size":"auto","background-attachment":"scroll","background-type":"","background-media":"","overlay-type":"","overlay-color":"","overlay-opacity":"","overlay-gradient":""},"mobile":{"background-color":"var(--ast-global-color-4)","background-image":"","background-repeat":"repeat","background-position":"center center","background-size":"auto","background-attachment":"scroll","background-type":"","background-media":"","overlay-type":"","overlay-color":"","overlay-opacity":"","overlay-gradient":""}},"footnotes":""},"class_list":["post-192","page","type-page","status-publish","hentry"],"_links":{"self":[{"href":"https:\/\/eijiro-z.fr\/index.php\/wp-json\/wp\/v2\/pages\/192","targetHints":{"allow":["GET"]}}],"collection":[{"href":"https:\/\/eijiro-z.fr\/index.php\/wp-json\/wp\/v2\/pages"}],"about":[{"href":"https:\/\/eijiro-z.fr\/index.php\/wp-json\/wp\/v2\/types\/page"}],"author":[{"embeddable":true,"href":"https:\/\/eijiro-z.fr\/index.php\/wp-json\/wp\/v2\/users\/1"}],"replies":[{"embeddable":true,"href":"https:\/\/eijiro-z.fr\/index.php\/wp-json\/wp\/v2\/comments?post=192"}],"version-history":[{"count":498,"href":"https:\/\/eijiro-z.fr\/index.php\/wp-json\/wp\/v2\/pages\/192\/revisions"}],"predecessor-version":[{"id":4621,"href":"https:\/\/eijiro-z.fr\/index.php\/wp-json\/wp\/v2\/pages\/192\/revisions\/4621"}],"wp:attachment":[{"href":"https:\/\/eijiro-z.fr\/index.php\/wp-json\/wp\/v2\/media?parent=192"}],"curies":[{"name":"wp","href":"https:\/\/api.w.org\/{rel}","templated":true}]}}