{"id":3189,"date":"2026-01-28T20:24:01","date_gmt":"2026-01-28T20:24:01","guid":{"rendered":"https:\/\/eijiro-z.fr\/?page_id=3189"},"modified":"2026-02-11T13:38:45","modified_gmt":"2026-02-11T13:38:45","slug":"au-dela-du-reel","status":"publish","type":"page","link":"https:\/\/eijiro-z.fr\/index.php\/au-dela-du-reel\/","title":{"rendered":"Au-del\u00e0 du r\u00e9el"},"content":{"rendered":"\t\t<div data-elementor-type=\"wp-page\" data-elementor-id=\"3189\" class=\"elementor elementor-3189\">\n\t\t\t\t<div class=\"elementor-element elementor-element-2fe0310f e-flex e-con-boxed e-con e-parent\" data-id=\"2fe0310f\" data-element_type=\"container\" data-e-type=\"container\">\n\t\t\t\t\t<div class=\"e-con-inner\">\n\t\t<div class=\"elementor-element elementor-element-7a3c8c25 e-con-full e-flex e-con e-child\" data-id=\"7a3c8c25\" data-element_type=\"container\" data-e-type=\"container\">\n\t\t\t\t<div class=\"elementor-element elementor-element-4c1edf8 elementor-widget elementor-widget-video\" data-id=\"4c1edf8\" data-element_type=\"widget\" data-e-type=\"widget\" data-settings=\"{&quot;video_type&quot;:&quot;hosted&quot;,&quot;autoplay&quot;:&quot;yes&quot;,&quot;play_on_mobile&quot;:&quot;yes&quot;,&quot;loop&quot;:&quot;yes&quot;,&quot;controls&quot;:&quot;yes&quot;}\" data-widget_type=\"video.default\">\n\t\t\t\t\t\t\t<div class=\"e-hosted-video elementor-wrapper elementor-open-inline\">\n\t\t\t\t\t<video class=\"elementor-video\" src=\"http:\/\/eijiro-z.fr\/wp-content\/uploads\/2026\/01\/Au_dela_du_reel_PILLOZ.mp4\" autoplay=\"\" loop=\"\" controls=\"\" playsinline=\"\" controlsList=\"nodownload\"><\/video>\n\t\t\t\t<\/div>\n\t\t\t\t\t\t<\/div>\n\t\t\t\t<\/div>\n\t\t<div class=\"elementor-element elementor-element-77d8ed53 e-con-full e-flex e-con e-child\" data-id=\"77d8ed53\" data-element_type=\"container\" data-e-type=\"container\">\n\t\t\t\t<div class=\"elementor-element elementor-element-4bb90465 elementor-widget elementor-widget-heading\" data-id=\"4bb90465\" data-element_type=\"widget\" data-e-type=\"widget\" data-widget_type=\"heading.default\">\n\t\t\t\t\t<h1 class=\"elementor-heading-title elementor-size-default\">Au-del\u00e0<br>du r\u00e9el<\/h1>\t\t\t\t<\/div>\n\t\t\t\t<div class=\"elementor-element elementor-element-3c38d7ee elementor-widget elementor-widget-heading\" data-id=\"3c38d7ee\" data-element_type=\"widget\" data-e-type=\"widget\" data-widget_type=\"heading.default\">\n\t\t\t\t\t<h2 class=\"elementor-heading-title elementor-size-default\">ou comment reformuler\ndes \u00e9l\u00e9ments connus ?<\/h2>\t\t\t\t<\/div>\n\t\t<div class=\"elementor-element elementor-element-42c6cd5 e-con-full e-flex e-con e-child\" data-id=\"42c6cd5\" data-element_type=\"container\" data-e-type=\"container\">\n\t\t\t\t<div class=\"elementor-element elementor-element-efc7597 elementor-widget elementor-widget-image\" data-id=\"efc7597\" data-element_type=\"widget\" data-e-type=\"widget\" data-widget_type=\"image.default\">\n\t\t\t\t\t\t\t\t\t\t\t\t\t\t\t<img fetchpriority=\"high\" decoding=\"async\" width=\"720\" height=\"1035\" src=\"https:\/\/eijiro-z.fr\/wp-content\/uploads\/2026\/01\/Plante-dessin-shoot.jpg\" class=\"attachment-full size-full wp-image-3228\" alt=\"\" srcset=\"https:\/\/eijiro-z.fr\/wp-content\/uploads\/2026\/01\/Plante-dessin-shoot.jpg 720w, https:\/\/eijiro-z.fr\/wp-content\/uploads\/2026\/01\/Plante-dessin-shoot-209x300.jpg 209w, https:\/\/eijiro-z.fr\/wp-content\/uploads\/2026\/01\/Plante-dessin-shoot-712x1024.jpg 712w\" sizes=\"(max-width: 720px) 100vw, 720px\" \/>\t\t\t\t\t\t\t\t\t\t\t\t\t\t\t<\/div>\n\t\t\t\t<div class=\"elementor-element elementor-element-3247b39 elementor-widget elementor-widget-image\" data-id=\"3247b39\" data-element_type=\"widget\" data-e-type=\"widget\" data-widget_type=\"image.default\">\n\t\t\t\t\t\t\t\t\t\t\t\t\t\t\t<img decoding=\"async\" width=\"724\" height=\"1024\" src=\"https:\/\/eijiro-z.fr\/wp-content\/uploads\/2026\/01\/Colo_full-724x1024.png\" class=\"attachment-large size-large wp-image-3254\" alt=\"\" srcset=\"https:\/\/eijiro-z.fr\/wp-content\/uploads\/2026\/01\/Colo_full-724x1024.png 724w, https:\/\/eijiro-z.fr\/wp-content\/uploads\/2026\/01\/Colo_full-212x300.png 212w, https:\/\/eijiro-z.fr\/wp-content\/uploads\/2026\/01\/Colo_full-768x1086.png 768w, https:\/\/eijiro-z.fr\/wp-content\/uploads\/2026\/01\/Colo_full-1086x1536.png 1086w, https:\/\/eijiro-z.fr\/wp-content\/uploads\/2026\/01\/Colo_full-1448x2048.png 1448w, https:\/\/eijiro-z.fr\/wp-content\/uploads\/2026\/01\/Colo_full-scaled.png 1810w\" sizes=\"(max-width: 724px) 100vw, 724px\" \/>\t\t\t\t\t\t\t\t\t\t\t\t\t\t\t<\/div>\n\t\t\t\t<\/div>\n\t\t\t\t<div class=\"elementor-element elementor-element-48a84a19 elementor-widget elementor-widget-heading\" data-id=\"48a84a19\" data-element_type=\"widget\" data-e-type=\"widget\" data-widget_type=\"heading.default\">\n\t\t\t\t\t<h6 class=\"elementor-heading-title elementor-size-default\">Plume et encre de Chine sur un format 40x60 cm scann\u00e9 et retouch\u00e9 num\u00e9riquement \u00e0 la tablette graphique puis anim\u00e9 sur Adobe After Effects<\/h6>\t\t\t\t<\/div>\n\t\t\t\t<div class=\"elementor-element elementor-element-21b2372c elementor-widget elementor-widget-heading\" data-id=\"21b2372c\" data-element_type=\"widget\" data-e-type=\"widget\" data-widget_type=\"heading.default\">\n\t\t\t\t\t<h6 class=\"elementor-heading-title elementor-size-default\">\"Au-del\u00e0 du r\u00e9el\" peut aussi se lire comme \"Au-del\u00e0 du visible\",<br>mettant en dialogue des croisements potentiels d'esp\u00e8ces - n\u00e9es de m\u00e9lange, de rencontres fortuites ou d'hybridation avec des mati\u00e8res inanim\u00e9es -, dont les existences peuvent \u00eatre interpr\u00e9t\u00e9es comme des sc\u00e9narios prospectifs.<\/h6>\t\t\t\t<\/div>\n\t\t\t\t<\/div>\n\t\t\t\t\t<\/div>\n\t\t\t\t<\/div>\n\t\t<div class=\"elementor-element elementor-element-28c4da4 e-flex e-con-boxed e-con e-parent\" data-id=\"28c4da4\" data-element_type=\"container\" data-e-type=\"container\">\n\t\t\t\t\t<div class=\"e-con-inner\">\n\t\t<div class=\"elementor-element elementor-element-c1e13eb e-con-full e-flex e-con e-child\" data-id=\"c1e13eb\" data-element_type=\"container\" data-e-type=\"container\">\n\t\t\t\t<div class=\"elementor-element elementor-element-8b77f2d elementor-widget elementor-widget-heading\" data-id=\"8b77f2d\" data-element_type=\"widget\" data-e-type=\"widget\" data-widget_type=\"heading.default\">\n\t\t\t\t\t<h2 class=\"elementor-heading-title elementor-size-default\">Lotus \u00e9pineux<\/h2>\t\t\t\t<\/div>\n\t\t\t\t<div class=\"elementor-element elementor-element-624409e elementor-widget elementor-widget-heading\" data-id=\"624409e\" data-element_type=\"widget\" data-e-type=\"widget\" data-widget_type=\"heading.default\">\n\t\t\t\t\t<h6 class=\"elementor-heading-title elementor-size-default\">C'est le nom que j'ai donn\u00e9 \u00e0 ma plante et de son motion.<br><br>C'est un organisme sensible par\u00e9 \u00e0 prot\u00e9ger son c\u0153ur floral. Pour moi, cette \u0153uvre incarne une forme de r\u00e9silience : une beaut\u00e9 qui ne peut exister qu\u2019envelopp\u00e9e de d\u00e9fenses. Les \u00e9pines r\u00e9agissent et prot\u00e8gent tandis que les noyaux floraux s\u2019ouvrent lentement, comme un souffle.\nPour le spectateur, Lotus \u00e9pineux propose une lecture ouverte, entre fascination hypnotique et inqui\u00e9tude, l\u2019invitant \u00e0 d\u00e9passer l\u2019apparence pour percevoir un organisme sensible et \u00e0 repenser ce qui d\u00e9finit le \"vivant\".<\/h6>\t\t\t\t<\/div>\n\t\t\t\t<\/div>\n\t\t\t\t\t<\/div>\n\t\t\t\t<\/div>\n\t\t<div class=\"elementor-element elementor-element-664ee19 e-flex e-con-boxed e-con e-parent\" data-id=\"664ee19\" data-element_type=\"container\" data-e-type=\"container\">\n\t\t\t\t\t<div class=\"e-con-inner\">\n\t\t<div class=\"elementor-element elementor-element-9060b77 e-con-full e-flex e-con e-child\" data-id=\"9060b77\" data-element_type=\"container\" data-e-type=\"container\">\n\t\t\t\t<div class=\"elementor-element elementor-element-6105a29 elementor-widget elementor-widget-heading\" data-id=\"6105a29\" data-element_type=\"widget\" data-e-type=\"widget\" data-widget_type=\"heading.default\">\n\t\t\t\t\t<h2 class=\"elementor-heading-title elementor-size-default\">Recherches graphiques<\/h2>\t\t\t\t<\/div>\n\t\t\t\t<div class=\"elementor-element elementor-element-3fc44cf elementor-arrows-position-outside elementor-widget elementor-widget-image-carousel\" data-id=\"3fc44cf\" data-element_type=\"widget\" data-e-type=\"widget\" data-settings=\"{&quot;slides_to_show&quot;:&quot;2&quot;,&quot;slides_to_scroll&quot;:&quot;1&quot;,&quot;navigation&quot;:&quot;arrows&quot;,&quot;autoplay_speed&quot;:3000,&quot;speed&quot;:600,&quot;image_spacing_custom&quot;:{&quot;unit&quot;:&quot;px&quot;,&quot;size&quot;:10,&quot;sizes&quot;:[]},&quot;autoplay&quot;:&quot;yes&quot;,&quot;pause_on_hover&quot;:&quot;yes&quot;,&quot;pause_on_interaction&quot;:&quot;yes&quot;,&quot;infinite&quot;:&quot;yes&quot;,&quot;image_spacing_custom_widescreen&quot;:{&quot;unit&quot;:&quot;px&quot;,&quot;size&quot;:&quot;&quot;,&quot;sizes&quot;:[]},&quot;image_spacing_custom_tablet&quot;:{&quot;unit&quot;:&quot;px&quot;,&quot;size&quot;:&quot;&quot;,&quot;sizes&quot;:[]},&quot;image_spacing_custom_mobile&quot;:{&quot;unit&quot;:&quot;px&quot;,&quot;size&quot;:&quot;&quot;,&quot;sizes&quot;:[]}}\" data-widget_type=\"image-carousel.default\">\n\t\t\t\t\t\t\t<div class=\"elementor-image-carousel-wrapper swiper\" role=\"region\" aria-roledescription=\"carousel\" aria-label=\"Carrousel d\u2019images\" dir=\"ltr\">\n\t\t\t<div class=\"elementor-image-carousel swiper-wrapper\" aria-live=\"off\">\n\t\t\t\t\t\t\t\t<div class=\"swiper-slide\" role=\"group\" aria-roledescription=\"slide\" aria-label=\"1 sur 4\"><figure class=\"swiper-slide-inner\"><img decoding=\"async\" class=\"swiper-slide-image\" src=\"https:\/\/eijiro-z.fr\/wp-content\/uploads\/2026\/01\/Plan-de-travail-1-1024x724.png\" alt=\"\" \/><\/figure><\/div><div class=\"swiper-slide\" role=\"group\" aria-roledescription=\"slide\" aria-label=\"2 sur 4\"><figure class=\"swiper-slide-inner\"><img decoding=\"async\" class=\"swiper-slide-image\" src=\"https:\/\/eijiro-z.fr\/wp-content\/uploads\/2026\/01\/Plan-de-travail-2-1024x724.png\" alt=\"\" \/><\/figure><\/div><div class=\"swiper-slide\" role=\"group\" aria-roledescription=\"slide\" aria-label=\"3 sur 4\"><figure class=\"swiper-slide-inner\"><img decoding=\"async\" class=\"swiper-slide-image\" src=\"https:\/\/eijiro-z.fr\/wp-content\/uploads\/2026\/01\/Plan-de-travail-3-1024x724.png\" alt=\"\" \/><\/figure><\/div><div class=\"swiper-slide\" role=\"group\" aria-roledescription=\"slide\" aria-label=\"4 sur 4\"><figure class=\"swiper-slide-inner\"><img decoding=\"async\" class=\"swiper-slide-image\" src=\"https:\/\/eijiro-z.fr\/wp-content\/uploads\/2026\/02\/neo-1024x724.png\" alt=\"neo\" \/><\/figure><\/div>\t\t\t<\/div>\n\t\t\t\t\t\t\t\t\t\t\t\t<div class=\"elementor-swiper-button elementor-swiper-button-prev\" role=\"button\" tabindex=\"0\">\n\t\t\t\t\t\t<svg aria-hidden=\"true\" class=\"e-font-icon-svg e-eicon-chevron-left\" viewBox=\"0 0 1000 1000\" xmlns=\"http:\/\/www.w3.org\/2000\/svg\"><path d=\"M646 125C629 125 613 133 604 142L308 442C296 454 292 471 292 487 292 504 296 521 308 533L604 854C617 867 629 875 646 875 663 875 679 871 692 858 704 846 713 829 713 812 713 796 708 779 692 767L438 487 692 225C700 217 708 204 708 187 708 171 704 154 692 142 675 129 663 125 646 125Z\"><\/path><\/svg>\t\t\t\t\t<\/div>\n\t\t\t\t\t<div class=\"elementor-swiper-button elementor-swiper-button-next\" role=\"button\" tabindex=\"0\">\n\t\t\t\t\t\t<svg aria-hidden=\"true\" class=\"e-font-icon-svg e-eicon-chevron-right\" viewBox=\"0 0 1000 1000\" xmlns=\"http:\/\/www.w3.org\/2000\/svg\"><path d=\"M696 533C708 521 713 504 713 487 713 471 708 454 696 446L400 146C388 133 375 125 354 125 338 125 325 129 313 142 300 154 292 171 292 187 292 204 296 221 308 233L563 492 304 771C292 783 288 800 288 817 288 833 296 850 308 863 321 871 338 875 354 875 371 875 388 867 400 854L696 533Z\"><\/path><\/svg>\t\t\t\t\t<\/div>\n\t\t\t\t\n\t\t\t\t\t\t\t\t\t<\/div>\n\t\t\t\t\t\t<\/div>\n\t\t\t\t<\/div>\n\t\t\t\t\t<\/div>\n\t\t\t\t<\/div>\n\t\t<div class=\"elementor-element elementor-element-277ee3e4 e-flex e-con-boxed e-con e-parent\" data-id=\"277ee3e4\" data-element_type=\"container\" data-e-type=\"container\">\n\t\t\t\t\t<div class=\"e-con-inner\">\n\t\t<div class=\"elementor-element elementor-element-1b1174aa e-con-full e-flex e-con e-child\" data-id=\"1b1174aa\" data-element_type=\"container\" data-e-type=\"container\">\n\t\t\t\t<div class=\"elementor-element elementor-element-338ce3df elementor-align-center elementor-widget elementor-widget-button\" data-id=\"338ce3df\" data-element_type=\"widget\" data-e-type=\"widget\" data-widget_type=\"button.default\">\n\t\t\t\t\t\t\t\t\t\t<a class=\"elementor-button elementor-button-link elementor-size-sm\" href=\"https:\/\/eijiro-z.fr\/index.php\/jpo-lmd-26\/\">\n\t\t\t\t\t\t<span class=\"elementor-button-content-wrapper\">\n\t\t\t\t\t\t\t\t\t<span class=\"elementor-button-text\">JPO LMD 2026<\/span>\n\t\t\t\t\t<\/span>\n\t\t\t\t\t<\/a>\n\t\t\t\t\t\t\t\t<\/div>\n\t\t\t\t<\/div>\n\t\t<div class=\"elementor-element elementor-element-c585fb5 e-con-full e-flex e-con e-child\" data-id=\"c585fb5\" data-element_type=\"container\" data-e-type=\"container\">\n\t\t\t\t<div class=\"elementor-element elementor-element-6598fdbe elementor-widget elementor-widget-image\" data-id=\"6598fdbe\" data-element_type=\"widget\" data-e-type=\"widget\" data-widget_type=\"image.default\">\n\t\t\t\t\t\t\t\t\t\t\t\t\t\t\t\t<a href=\"https:\/\/eijiro-z.fr\/index.php\/projet-2\/\">\n\t\t\t\t\t\t\t<img decoding=\"async\" width=\"150\" height=\"150\" src=\"https:\/\/eijiro-z.fr\/wp-content\/uploads\/2026\/01\/Voir_nr-150x150.png\" class=\"elementor-animation-grow-rotate attachment-thumbnail size-thumbnail wp-image-2208\" alt=\"\" srcset=\"https:\/\/eijiro-z.fr\/wp-content\/uploads\/2026\/01\/Voir_nr-150x150.png 150w, https:\/\/eijiro-z.fr\/wp-content\/uploads\/2026\/01\/Voir_nr-300x300.png 300w, https:\/\/eijiro-z.fr\/wp-content\/uploads\/2026\/01\/Voir_nr.png 720w\" sizes=\"(max-width: 150px) 100vw, 150px\" \/>\t\t\t\t\t\t\t\t<\/a>\n\t\t\t\t\t\t\t\t\t\t\t\t\t\t\t<\/div>\n\t\t\t\t<\/div>\n\t\t<div class=\"elementor-element elementor-element-23a1290a e-con-full e-flex e-con e-child\" data-id=\"23a1290a\" data-element_type=\"container\" data-e-type=\"container\">\n\t\t\t\t<div class=\"elementor-element elementor-element-5a125826 elementor-widget elementor-widget-button\" data-id=\"5a125826\" data-element_type=\"widget\" data-e-type=\"widget\" data-widget_type=\"button.default\">\n\t\t\t\t\t\t\t\t\t\t<a class=\"elementor-button elementor-button-link elementor-size-sm\" href=\"https:\/\/eijiro-z.fr\/index.php\/silence-violence\/\">\n\t\t\t\t\t\t<span class=\"elementor-button-content-wrapper\">\n\t\t\t\t\t\t\t\t\t<span class=\"elementor-button-text\">Silence Violence<\/span>\n\t\t\t\t\t<\/span>\n\t\t\t\t\t<\/a>\n\t\t\t\t\t\t\t\t<\/div>\n\t\t\t\t<\/div>\n\t\t\t\t\t<\/div>\n\t\t\t\t<\/div>\n\t\t\t\t<\/div>\n\t\t","protected":false},"excerpt":{"rendered":"<p>http:\/\/eijiro-z.fr\/wp-content\/uploads\/2026\/01\/Au_dela_du_reel_PILLOZ.mp4 Au-del\u00e0du r\u00e9el ou comment reformuler des \u00e9l\u00e9ments connus ? Plume et encre de Chine sur un format 40&#215;60 cm [&hellip;]<\/p>\n","protected":false},"author":1,"featured_media":0,"parent":0,"menu_order":0,"comment_status":"closed","ping_status":"closed","template":"","meta":{"site-sidebar-layout":"no-sidebar","site-content-layout":"","ast-site-content-layout":"full-width-container","site-content-style":"default","site-sidebar-style":"default","ast-global-header-display":"","ast-banner-title-visibility":"disabled","ast-main-header-display":"","ast-hfb-above-header-display":"","ast-hfb-below-header-display":"","ast-hfb-mobile-header-display":"","site-post-title":"disabled","ast-breadcrumbs-content":"","ast-featured-img":"disabled","footer-sml-layout":"disabled","ast-disable-related-posts":"","theme-transparent-header-meta":"","adv-header-id-meta":"","stick-header-meta":"","header-above-stick-meta":"","header-main-stick-meta":"","header-below-stick-meta":"","astra-migrate-meta-layouts":"default","ast-page-background-enabled":"default","ast-page-background-meta":{"desktop":{"background-color":"var(--ast-global-color-5)","background-image":"","background-repeat":"repeat","background-position":"center center","background-size":"auto","background-attachment":"scroll","background-type":"","background-media":"","overlay-type":"","overlay-color":"","overlay-opacity":"","overlay-gradient":""},"tablet":{"background-color":"","background-image":"","background-repeat":"repeat","background-position":"center center","background-size":"auto","background-attachment":"scroll","background-type":"","background-media":"","overlay-type":"","overlay-color":"","overlay-opacity":"","overlay-gradient":""},"mobile":{"background-color":"","background-image":"","background-repeat":"repeat","background-position":"center center","background-size":"auto","background-attachment":"scroll","background-type":"","background-media":"","overlay-type":"","overlay-color":"","overlay-opacity":"","overlay-gradient":""}},"ast-content-background-meta":{"desktop":{"background-color":"var(--ast-global-color-4)","background-image":"","background-repeat":"repeat","background-position":"center center","background-size":"auto","background-attachment":"scroll","background-type":"","background-media":"","overlay-type":"","overlay-color":"","overlay-opacity":"","overlay-gradient":""},"tablet":{"background-color":"var(--ast-global-color-4)","background-image":"","background-repeat":"repeat","background-position":"center center","background-size":"auto","background-attachment":"scroll","background-type":"","background-media":"","overlay-type":"","overlay-color":"","overlay-opacity":"","overlay-gradient":""},"mobile":{"background-color":"var(--ast-global-color-4)","background-image":"","background-repeat":"repeat","background-position":"center center","background-size":"auto","background-attachment":"scroll","background-type":"","background-media":"","overlay-type":"","overlay-color":"","overlay-opacity":"","overlay-gradient":""}},"footnotes":""},"class_list":["post-3189","page","type-page","status-publish","hentry"],"_links":{"self":[{"href":"https:\/\/eijiro-z.fr\/index.php\/wp-json\/wp\/v2\/pages\/3189","targetHints":{"allow":["GET"]}}],"collection":[{"href":"https:\/\/eijiro-z.fr\/index.php\/wp-json\/wp\/v2\/pages"}],"about":[{"href":"https:\/\/eijiro-z.fr\/index.php\/wp-json\/wp\/v2\/types\/page"}],"author":[{"embeddable":true,"href":"https:\/\/eijiro-z.fr\/index.php\/wp-json\/wp\/v2\/users\/1"}],"replies":[{"embeddable":true,"href":"https:\/\/eijiro-z.fr\/index.php\/wp-json\/wp\/v2\/comments?post=3189"}],"version-history":[{"count":126,"href":"https:\/\/eijiro-z.fr\/index.php\/wp-json\/wp\/v2\/pages\/3189\/revisions"}],"predecessor-version":[{"id":4253,"href":"https:\/\/eijiro-z.fr\/index.php\/wp-json\/wp\/v2\/pages\/3189\/revisions\/4253"}],"wp:attachment":[{"href":"https:\/\/eijiro-z.fr\/index.php\/wp-json\/wp\/v2\/media?parent=3189"}],"curies":[{"name":"wp","href":"https:\/\/api.w.org\/{rel}","templated":true}]}}