{"id":4011,"date":"2026-02-10T17:02:34","date_gmt":"2026-02-10T17:02:34","guid":{"rendered":"https:\/\/eijiro-z.fr\/?page_id=4011"},"modified":"2026-02-10T18:08:25","modified_gmt":"2026-02-10T18:08:25","slug":"atelier-motion","status":"publish","type":"page","link":"https:\/\/eijiro-z.fr\/index.php\/atelier-motion\/","title":{"rendered":"Atelier Motion"},"content":{"rendered":"\t\t<div data-elementor-type=\"wp-page\" data-elementor-id=\"4011\" class=\"elementor elementor-4011\">\n\t\t\t\t<div class=\"elementor-element elementor-element-5a79cb79 e-flex e-con-boxed e-con e-parent\" data-id=\"5a79cb79\" data-element_type=\"container\" data-e-type=\"container\">\n\t\t\t\t\t<div class=\"e-con-inner\">\n\t\t<div class=\"elementor-element elementor-element-410b00bd e-con-full e-flex e-con e-child\" data-id=\"410b00bd\" data-element_type=\"container\" data-e-type=\"container\">\n\t\t\t\t<div class=\"elementor-element elementor-element-ce45d78 elementor-widget elementor-widget-video\" data-id=\"ce45d78\" data-element_type=\"widget\" data-e-type=\"widget\" data-settings=\"{&quot;video_type&quot;:&quot;hosted&quot;,&quot;autoplay&quot;:&quot;yes&quot;,&quot;play_on_mobile&quot;:&quot;yes&quot;,&quot;mute&quot;:&quot;yes&quot;,&quot;loop&quot;:&quot;yes&quot;}\" data-widget_type=\"video.default\">\n\t\t\t\t\t\t\t<div class=\"e-hosted-video elementor-wrapper elementor-open-inline\">\n\t\t\t\t\t<video class=\"elementor-video\" src=\"http:\/\/eijiro-z.fr\/wp-content\/uploads\/2026\/01\/PILLOZWorkshopMotion-1.mp4\" autoplay=\"\" loop=\"\" muted=\"muted\" playsinline=\"\" controlsList=\"nodownload\"><\/video>\n\t\t\t\t<\/div>\n\t\t\t\t\t\t<\/div>\n\t\t\t\t<\/div>\n\t\t<div class=\"elementor-element elementor-element-4efa4b48 e-con-full e-flex e-con e-child\" data-id=\"4efa4b48\" data-element_type=\"container\" data-e-type=\"container\">\n\t\t\t\t<div class=\"elementor-element elementor-element-aa8c70b elementor-widget elementor-widget-heading\" data-id=\"aa8c70b\" data-element_type=\"widget\" data-e-type=\"widget\" data-widget_type=\"heading.default\">\n\t\t\t\t\t<h1 class=\"elementor-heading-title elementor-size-default\">Atelier Motion<\/h1>\t\t\t\t<\/div>\n\t\t\t\t<div class=\"elementor-element elementor-element-3eb0932 elementor-widget elementor-widget-heading\" data-id=\"3eb0932\" data-element_type=\"widget\" data-e-type=\"widget\" data-widget_type=\"heading.default\">\n\t\t\t\t\t<h2 class=\"elementor-heading-title elementor-size-default\">Workshop 2025 <br>\nAnne Balan\u00e7a<\/h2>\t\t\t\t<\/div>\n\t\t\t\t<div class=\"elementor-element elementor-element-159f5e5f elementor-widget elementor-widget-heading\" data-id=\"159f5e5f\" data-element_type=\"widget\" data-e-type=\"widget\" data-widget_type=\"heading.default\">\n\t\t\t\t\t<h6 class=\"elementor-heading-title elementor-size-default\">Concevoir une animation courte qui rende visible une donn\u00e9e chiffr\u00e9e.<\/h6>\t\t\t\t<\/div>\n\t\t\t\t<div class=\"elementor-element elementor-element-3df597cd elementor-widget elementor-widget-heading\" data-id=\"3df597cd\" data-element_type=\"widget\" data-e-type=\"widget\" data-widget_type=\"heading.default\">\n\t\t\t\t\t<h6 class=\"elementor-heading-title elementor-size-default\">DATA : CHAQUE MOIS <br>\nLa Lune effectue une rotation compl\u00e8te autour de la Terre. <br>\n3 milliards de personnes utilisent Facebook, le m\u00e9dia social le plus fr\u00e9quent\u00e9 du monde. <br>\nNous perdons environ 1500 cheveux. <br>\nTes ongles poussent de 3 millim\u00e8tres. <br><\/h6>\t\t\t\t<\/div>\n\t\t\t\t<\/div>\n\t\t\t\t\t<\/div>\n\t\t\t\t<\/div>\n\t\t<div class=\"elementor-element elementor-element-64ab60cd e-flex e-con-boxed e-con e-parent\" data-id=\"64ab60cd\" data-element_type=\"container\" data-e-type=\"container\">\n\t\t\t\t\t<div class=\"e-con-inner\">\n\t\t<div class=\"elementor-element elementor-element-554f33b9 e-con-full e-flex e-con e-child\" data-id=\"554f33b9\" data-element_type=\"container\" data-e-type=\"container\">\n\t\t\t\t<div class=\"elementor-element elementor-element-ba0bf25 elementor-align-center elementor-widget elementor-widget-button\" data-id=\"ba0bf25\" data-element_type=\"widget\" data-e-type=\"widget\" data-widget_type=\"button.default\">\n\t\t\t\t\t\t\t\t\t\t<a class=\"elementor-button elementor-button-link elementor-size-sm\" href=\"https:\/\/eijiro-z.fr\/index.php\/jpo-lmd-26\/\">\n\t\t\t\t\t\t<span class=\"elementor-button-content-wrapper\">\n\t\t\t\t\t\t\t\t\t<span class=\"elementor-button-text\">JPO LMD 2026<\/span>\n\t\t\t\t\t<\/span>\n\t\t\t\t\t<\/a>\n\t\t\t\t\t\t\t\t<\/div>\n\t\t\t\t<\/div>\n\t\t<div class=\"elementor-element elementor-element-27776d86 e-con-full e-flex e-con e-child\" data-id=\"27776d86\" data-element_type=\"container\" data-e-type=\"container\">\n\t\t\t\t<div class=\"elementor-element elementor-element-d41867 elementor-widget elementor-widget-image\" data-id=\"d41867\" data-element_type=\"widget\" data-e-type=\"widget\" data-widget_type=\"image.default\">\n\t\t\t\t\t\t\t\t\t\t\t\t\t\t\t\t<a href=\"https:\/\/eijiro-z.fr\/index.php\/projet-2\/\">\n\t\t\t\t\t\t\t<img decoding=\"async\" width=\"150\" height=\"150\" src=\"https:\/\/eijiro-z.fr\/wp-content\/uploads\/2026\/01\/Voir_nr-150x150.png\" class=\"elementor-animation-grow-rotate attachment-thumbnail size-thumbnail wp-image-2208\" alt=\"\" srcset=\"https:\/\/eijiro-z.fr\/wp-content\/uploads\/2026\/01\/Voir_nr-150x150.png 150w, https:\/\/eijiro-z.fr\/wp-content\/uploads\/2026\/01\/Voir_nr-300x300.png 300w, https:\/\/eijiro-z.fr\/wp-content\/uploads\/2026\/01\/Voir_nr.png 720w\" sizes=\"(max-width: 150px) 100vw, 150px\" \/>\t\t\t\t\t\t\t\t<\/a>\n\t\t\t\t\t\t\t\t\t\t\t\t\t\t\t<\/div>\n\t\t\t\t<\/div>\n\t\t<div class=\"elementor-element elementor-element-5833e85e e-con-full e-flex e-con e-child\" data-id=\"5833e85e\" data-element_type=\"container\" data-e-type=\"container\">\n\t\t\t\t<div class=\"elementor-element elementor-element-5e985c87 elementor-mobile-align-center elementor-widget elementor-widget-button\" data-id=\"5e985c87\" data-element_type=\"widget\" data-e-type=\"widget\" data-widget_type=\"button.default\">\n\t\t\t\t\t\t\t\t\t\t<a class=\"elementor-button elementor-button-link elementor-size-sm\" href=\"https:\/\/eijiro-z.fr\/index.php\/silence-violence\/\">\n\t\t\t\t\t\t<span class=\"elementor-button-content-wrapper\">\n\t\t\t\t\t\t\t\t\t<span class=\"elementor-button-text\">Silence Violence<\/span>\n\t\t\t\t\t<\/span>\n\t\t\t\t\t<\/a>\n\t\t\t\t\t\t\t\t<\/div>\n\t\t\t\t<\/div>\n\t\t\t\t\t<\/div>\n\t\t\t\t<\/div>\n\t\t\t\t<\/div>\n\t\t","protected":false},"excerpt":{"rendered":"<p>http:\/\/eijiro-z.fr\/wp-content\/uploads\/2026\/01\/PILLOZWorkshopMotion-1.mp4 Atelier Motion Workshop 2025 Anne Balan\u00e7a Concevoir une animation courte qui rende visible une donn\u00e9e chiffr\u00e9e. DATA : CHAQUE [&hellip;]<\/p>\n","protected":false},"author":1,"featured_media":0,"parent":0,"menu_order":0,"comment_status":"closed","ping_status":"closed","template":"","meta":{"site-sidebar-layout":"no-sidebar","site-content-layout":"","ast-site-content-layout":"full-width-container","site-content-style":"default","site-sidebar-style":"default","ast-global-header-display":"","ast-banner-title-visibility":"disabled","ast-main-header-display":"","ast-hfb-above-header-display":"","ast-hfb-below-header-display":"","ast-hfb-mobile-header-display":"","site-post-title":"","ast-breadcrumbs-content":"","ast-featured-img":"disabled","footer-sml-layout":"disabled","ast-disable-related-posts":"","theme-transparent-header-meta":"","adv-header-id-meta":"","stick-header-meta":"","header-above-stick-meta":"","header-main-stick-meta":"","header-below-stick-meta":"","astra-migrate-meta-layouts":"default","ast-page-background-enabled":"default","ast-page-background-meta":{"desktop":{"background-color":"var(--ast-global-color-5)","background-image":"","background-repeat":"repeat","background-position":"center center","background-size":"auto","background-attachment":"scroll","background-type":"","background-media":"","overlay-type":"","overlay-color":"","overlay-opacity":"","overlay-gradient":""},"tablet":{"background-color":"","background-image":"","background-repeat":"repeat","background-position":"center center","background-size":"auto","background-attachment":"scroll","background-type":"","background-media":"","overlay-type":"","overlay-color":"","overlay-opacity":"","overlay-gradient":""},"mobile":{"background-color":"","background-image":"","background-repeat":"repeat","background-position":"center center","background-size":"auto","background-attachment":"scroll","background-type":"","background-media":"","overlay-type":"","overlay-color":"","overlay-opacity":"","overlay-gradient":""}},"ast-content-background-meta":{"desktop":{"background-color":"var(--ast-global-color-4)","background-image":"","background-repeat":"repeat","background-position":"center center","background-size":"auto","background-attachment":"scroll","background-type":"","background-media":"","overlay-type":"","overlay-color":"","overlay-opacity":"","overlay-gradient":""},"tablet":{"background-color":"var(--ast-global-color-4)","background-image":"","background-repeat":"repeat","background-position":"center center","background-size":"auto","background-attachment":"scroll","background-type":"","background-media":"","overlay-type":"","overlay-color":"","overlay-opacity":"","overlay-gradient":""},"mobile":{"background-color":"var(--ast-global-color-4)","background-image":"","background-repeat":"repeat","background-position":"center center","background-size":"auto","background-attachment":"scroll","background-type":"","background-media":"","overlay-type":"","overlay-color":"","overlay-opacity":"","overlay-gradient":""}},"footnotes":""},"class_list":["post-4011","page","type-page","status-publish","hentry"],"_links":{"self":[{"href":"https:\/\/eijiro-z.fr\/index.php\/wp-json\/wp\/v2\/pages\/4011","targetHints":{"allow":["GET"]}}],"collection":[{"href":"https:\/\/eijiro-z.fr\/index.php\/wp-json\/wp\/v2\/pages"}],"about":[{"href":"https:\/\/eijiro-z.fr\/index.php\/wp-json\/wp\/v2\/types\/page"}],"author":[{"embeddable":true,"href":"https:\/\/eijiro-z.fr\/index.php\/wp-json\/wp\/v2\/users\/1"}],"replies":[{"embeddable":true,"href":"https:\/\/eijiro-z.fr\/index.php\/wp-json\/wp\/v2\/comments?post=4011"}],"version-history":[{"count":87,"href":"https:\/\/eijiro-z.fr\/index.php\/wp-json\/wp\/v2\/pages\/4011\/revisions"}],"predecessor-version":[{"id":4184,"href":"https:\/\/eijiro-z.fr\/index.php\/wp-json\/wp\/v2\/pages\/4011\/revisions\/4184"}],"wp:attachment":[{"href":"https:\/\/eijiro-z.fr\/index.php\/wp-json\/wp\/v2\/media?parent=4011"}],"curies":[{"name":"wp","href":"https:\/\/api.w.org\/{rel}","templated":true}]}}