{"id":4399,"date":"2026-02-12T13:18:34","date_gmt":"2026-02-12T13:18:34","guid":{"rendered":"https:\/\/eijiro-z.fr\/?page_id=4399"},"modified":"2026-02-12T14:18:56","modified_gmt":"2026-02-12T14:18:56","slug":"carnet-de-kroki","status":"publish","type":"page","link":"https:\/\/eijiro-z.fr\/index.php\/carnet-de-kroki\/","title":{"rendered":"Carnet de Kroki"},"content":{"rendered":"\t\t<div data-elementor-type=\"wp-page\" data-elementor-id=\"4399\" class=\"elementor elementor-4399\">\n\t\t\t\t<div class=\"elementor-element elementor-element-61f59689 e-flex e-con-boxed e-con e-parent\" data-id=\"61f59689\" data-element_type=\"container\" data-e-type=\"container\">\n\t\t\t\t\t<div class=\"e-con-inner\">\n\t\t<div class=\"elementor-element elementor-element-22189c31 e-con-full e-flex e-con e-child\" data-id=\"22189c31\" data-element_type=\"container\" data-e-type=\"container\">\n\t\t\t\t<div class=\"elementor-element elementor-element-38fa4ef elementor-widget elementor-widget-video\" data-id=\"38fa4ef\" data-element_type=\"widget\" data-e-type=\"widget\" data-settings=\"{&quot;video_type&quot;:&quot;hosted&quot;,&quot;autoplay&quot;:&quot;yes&quot;,&quot;play_on_mobile&quot;:&quot;yes&quot;,&quot;mute&quot;:&quot;yes&quot;,&quot;loop&quot;:&quot;yes&quot;}\" data-widget_type=\"video.default\">\n\t\t\t\t\t\t\t<div class=\"e-hosted-video elementor-wrapper elementor-open-inline\">\n\t\t\t\t\t<video class=\"elementor-video\" src=\"http:\/\/eijiro-z.fr\/wp-content\/uploads\/2026\/02\/carnet-de-kroki-modif.mp4\" autoplay=\"\" loop=\"\" muted=\"muted\" playsinline=\"\" controlsList=\"nodownload\"><\/video>\n\t\t\t\t<\/div>\n\t\t\t\t\t\t<\/div>\n\t\t\t\t<\/div>\n\t\t<div class=\"elementor-element elementor-element-2db3a8a3 e-con-full e-flex e-con e-child\" data-id=\"2db3a8a3\" data-element_type=\"container\" data-e-type=\"container\">\n\t\t\t\t<div class=\"elementor-element elementor-element-7540870e elementor-widget elementor-widget-heading\" data-id=\"7540870e\" data-element_type=\"widget\" data-e-type=\"widget\" data-widget_type=\"heading.default\">\n\t\t\t\t\t<h1 class=\"elementor-heading-title elementor-size-default\">Carnet de Kroki<\/h1>\t\t\t\t<\/div>\n\t\t\t\t<div class=\"elementor-element elementor-element-2f9c985 elementor-widget elementor-widget-heading\" data-id=\"2f9c985\" data-element_type=\"widget\" data-e-type=\"widget\" data-widget_type=\"heading.default\">\n\t\t\t\t\t<h2 class=\"elementor-heading-title elementor-size-default\">Carnet digital 2024<\/h2>\t\t\t\t<\/div>\n\t\t\t\t<div class=\"elementor-element elementor-element-57e58e7e elementor-widget elementor-widget-heading\" data-id=\"57e58e7e\" data-element_type=\"widget\" data-e-type=\"widget\" data-widget_type=\"heading.default\">\n\t\t\t\t\t<h6 class=\"elementor-heading-title elementor-size-default\">Carnet r\u00e9alis\u00e9 avec Illustrator et Univer.se en Terminale Arts Appliqu\u00e9s<\/h6>\t\t\t\t<\/div>\n\t\t\t\t<div class=\"elementor-element elementor-element-62bca920 elementor-widget elementor-widget-heading\" data-id=\"62bca920\" data-element_type=\"widget\" data-e-type=\"widget\" data-widget_type=\"heading.default\">\n\t\t\t\t\t<h6 class=\"elementor-heading-title elementor-size-default\">Ce carnet regroupe mes souvenirs durant mes  trois ann\u00e9es de lyc\u00e9e, illustr\u00e9 par des dessins, photos, collages et une vid\u00e9o tir\u00e9e de ma cha\u00eene Youtube sur laquelle je postais des montages de ces ann\u00e9es-l\u00e0.\n<BR><BR>\nPour rendre physiquement ce carnet, j'ai imprim\u00e9 les diff\u00e9rents visuels de couverture recto verso incluant un QR code menant au site sur lequel j'ai travaill\u00e9. J'ai ensuite ins\u00e9r\u00e9 le tout dans un bo\u00eetier CD cristal.<\/h6>\t\t\t\t<\/div>\n\t\t<div class=\"elementor-element elementor-element-2202cec e-con-full e-flex e-con e-child\" data-id=\"2202cec\" data-element_type=\"container\" data-e-type=\"container\">\n\t\t\t\t<div class=\"elementor-element elementor-element-faaf4d0 elementor-widget elementor-widget-image\" data-id=\"faaf4d0\" data-element_type=\"widget\" data-e-type=\"widget\" data-widget_type=\"image.default\">\n\t\t\t\t\t\t\t\t\t\t\t\t\t\t\t\t<a href=\"https:\/\/siteid-2200659.univer.se\/\">\n\t\t\t\t\t\t\t<img fetchpriority=\"high\" decoding=\"async\" width=\"768\" height=\"747\" src=\"https:\/\/eijiro-z.fr\/wp-content\/uploads\/2026\/02\/QR-code-karnet-de-kroki-768x747.png\" class=\"attachment-medium_large size-medium_large wp-image-4316\" alt=\"\" srcset=\"https:\/\/eijiro-z.fr\/wp-content\/uploads\/2026\/02\/QR-code-karnet-de-kroki-768x747.png 768w, https:\/\/eijiro-z.fr\/wp-content\/uploads\/2026\/02\/QR-code-karnet-de-kroki-300x292.png 300w, https:\/\/eijiro-z.fr\/wp-content\/uploads\/2026\/02\/QR-code-karnet-de-kroki-1024x995.png 1024w, https:\/\/eijiro-z.fr\/wp-content\/uploads\/2026\/02\/QR-code-karnet-de-kroki.png 1110w\" sizes=\"(max-width: 768px) 100vw, 768px\" \/>\t\t\t\t\t\t\t\t<\/a>\n\t\t\t\t\t\t\t\t\t\t\t\t\t\t\t<\/div>\n\t\t\t\t<\/div>\n\t\t\t\t<\/div>\n\t\t\t\t\t<\/div>\n\t\t\t\t<\/div>\n\t\t<div class=\"elementor-element elementor-element-5a39eb7 e-flex e-con-boxed e-con e-parent\" data-id=\"5a39eb7\" data-element_type=\"container\" data-e-type=\"container\">\n\t\t\t\t\t<div class=\"e-con-inner\">\n\t\t\t\t<div class=\"elementor-element elementor-element-4a4bfc8 elementor-skin-masonry elementor-widget elementor-widget-advanced_image_gallery\" data-id=\"4a4bfc8\" data-element_type=\"widget\" data-e-type=\"widget\" data-settings=\"{&quot;skin&quot;:&quot;masonry&quot;,&quot;masonry_columns&quot;:&quot;2&quot;,&quot;masonry_gutter&quot;:{&quot;unit&quot;:&quot;px&quot;,&quot;size&quot;:0,&quot;sizes&quot;:[]},&quot;masonry_gutter_widescreen&quot;:{&quot;unit&quot;:&quot;px&quot;,&quot;size&quot;:&quot;&quot;,&quot;sizes&quot;:[]},&quot;masonry_gutter_tablet&quot;:{&quot;unit&quot;:&quot;px&quot;,&quot;size&quot;:&quot;&quot;,&quot;sizes&quot;:[]},&quot;masonry_gutter_mobile&quot;:{&quot;unit&quot;:&quot;px&quot;,&quot;size&quot;:&quot;&quot;,&quot;sizes&quot;:[]}}\" data-widget_type=\"advanced_image_gallery.default\">\n\t\t\t\t<div class=\"elementor-widget-container\">\n\t\t\t\t\t<div id=\"gallery_69d53742d842b\" class=\"zlfms-image-gallery zlfms-masonry-gallery\"><div class=\"zlfms_gallery\"><div class=\"zlfms-gallery-item\" data-width=\"2108\" data-height=\"1054\"><div class=\"zlfms-gallery-img\" data-ratio=\"50.0000\" style=\"padding-bottom: 50.0000%; background-image: url('http:\/\/eijiro-z.fr\/wp-content\/uploads\/2026\/02\/karnet-de-kroki-in-scaled-e1770904576733.png');\" role=\"img\" aria-label=\"karnet de kroki in\"><\/div><\/div><div class=\"zlfms-gallery-item\" data-width=\"1920\" data-height=\"1353\"><div class=\"zlfms-gallery-img\" data-ratio=\"70.4688\" style=\"padding-bottom: 70.4688%; background-image: url('http:\/\/eijiro-z.fr\/wp-content\/uploads\/2026\/02\/karnet-de-kroki-scaled-e1770902553373.png');\" role=\"img\" aria-label=\"Carnet de kroki\"><\/div><\/div><\/div><\/div>\t\t\t\t<\/div>\n\t\t\t\t<\/div>\n\t\t\t\t\t<\/div>\n\t\t\t\t<\/div>\n\t\t<div class=\"elementor-element elementor-element-1234c42 e-grid e-con-boxed e-con e-parent\" data-id=\"1234c42\" data-element_type=\"container\" data-e-type=\"container\">\n\t\t\t\t\t<div class=\"e-con-inner\">\n\t\t\t\t<div class=\"elementor-element elementor-element-35a8845 elementor-widget elementor-widget-image\" data-id=\"35a8845\" data-element_type=\"widget\" data-e-type=\"widget\" data-widget_type=\"image.default\">\n\t\t\t\t\t\t\t\t\t\t\t\t\t\t\t<img decoding=\"async\" width=\"568\" height=\"568\" src=\"https:\/\/eijiro-z.fr\/wp-content\/uploads\/2026\/02\/Jiji-Visage-1.png\" class=\"attachment-large size-large wp-image-4310\" alt=\"\" srcset=\"https:\/\/eijiro-z.fr\/wp-content\/uploads\/2026\/02\/Jiji-Visage-1.png 568w, https:\/\/eijiro-z.fr\/wp-content\/uploads\/2026\/02\/Jiji-Visage-1-300x300.png 300w, https:\/\/eijiro-z.fr\/wp-content\/uploads\/2026\/02\/Jiji-Visage-1-150x150.png 150w\" sizes=\"(max-width: 568px) 100vw, 568px\" \/>\t\t\t\t\t\t\t\t\t\t\t\t\t\t\t<\/div>\n\t\t\t\t<div class=\"elementor-element elementor-element-db1086e elementor-widget elementor-widget-image\" data-id=\"db1086e\" data-element_type=\"widget\" data-e-type=\"widget\" data-widget_type=\"image.default\">\n\t\t\t\t\t\t\t\t\t\t\t\t\t\t\t<img decoding=\"async\" width=\"568\" height=\"568\" src=\"https:\/\/eijiro-z.fr\/wp-content\/uploads\/2026\/02\/Jiji-Visage-2.png\" class=\"attachment-large size-large wp-image-4311\" alt=\"\" srcset=\"https:\/\/eijiro-z.fr\/wp-content\/uploads\/2026\/02\/Jiji-Visage-2.png 568w, https:\/\/eijiro-z.fr\/wp-content\/uploads\/2026\/02\/Jiji-Visage-2-300x300.png 300w, https:\/\/eijiro-z.fr\/wp-content\/uploads\/2026\/02\/Jiji-Visage-2-150x150.png 150w\" sizes=\"(max-width: 568px) 100vw, 568px\" \/>\t\t\t\t\t\t\t\t\t\t\t\t\t\t\t<\/div>\n\t\t\t\t<div class=\"elementor-element elementor-element-673b187 elementor-widget elementor-widget-image\" data-id=\"673b187\" data-element_type=\"widget\" data-e-type=\"widget\" data-widget_type=\"image.default\">\n\t\t\t\t\t\t\t\t\t\t\t\t\t\t\t<img loading=\"lazy\" decoding=\"async\" width=\"567\" height=\"568\" src=\"https:\/\/eijiro-z.fr\/wp-content\/uploads\/2026\/02\/Jiji-Visage-3.png\" class=\"attachment-large size-large wp-image-4312\" alt=\"\" srcset=\"https:\/\/eijiro-z.fr\/wp-content\/uploads\/2026\/02\/Jiji-Visage-3.png 567w, https:\/\/eijiro-z.fr\/wp-content\/uploads\/2026\/02\/Jiji-Visage-3-300x300.png 300w, https:\/\/eijiro-z.fr\/wp-content\/uploads\/2026\/02\/Jiji-Visage-3-150x150.png 150w\" sizes=\"(max-width: 567px) 100vw, 567px\" \/>\t\t\t\t\t\t\t\t\t\t\t\t\t\t\t<\/div>\n\t\t\t\t\t<\/div>\n\t\t\t\t<\/div>\n\t\t<div class=\"elementor-element elementor-element-1c16d5a e-grid e-con-boxed e-con e-parent\" data-id=\"1c16d5a\" data-element_type=\"container\" data-e-type=\"container\">\n\t\t\t\t\t<div class=\"e-con-inner\">\n\t\t\t\t<div class=\"elementor-element elementor-element-41e7b31 elementor-widget elementor-widget-image\" data-id=\"41e7b31\" data-element_type=\"widget\" data-e-type=\"widget\" data-widget_type=\"image.default\">\n\t\t\t\t\t\t\t\t\t\t\t\t\t\t\t<img loading=\"lazy\" decoding=\"async\" width=\"596\" height=\"842\" src=\"https:\/\/eijiro-z.fr\/wp-content\/uploads\/2026\/02\/Prof-PROTPROT.png\" class=\"attachment-large size-large wp-image-4308\" alt=\"\" srcset=\"https:\/\/eijiro-z.fr\/wp-content\/uploads\/2026\/02\/Prof-PROTPROT.png 596w, https:\/\/eijiro-z.fr\/wp-content\/uploads\/2026\/02\/Prof-PROTPROT-212x300.png 212w\" sizes=\"(max-width: 596px) 100vw, 596px\" \/>\t\t\t\t\t\t\t\t\t\t\t\t\t\t\t<\/div>\n\t\t\t\t<div class=\"elementor-element elementor-element-606c107 elementor-widget elementor-widget-image\" data-id=\"606c107\" data-element_type=\"widget\" data-e-type=\"widget\" data-widget_type=\"image.default\">\n\t\t\t\t\t\t\t\t\t\t\t\t\t\t\t<img loading=\"lazy\" decoding=\"async\" width=\"596\" height=\"842\" src=\"https:\/\/eijiro-z.fr\/wp-content\/uploads\/2026\/02\/Prof-H.png\" class=\"attachment-large size-large wp-image-4306\" alt=\"\" srcset=\"https:\/\/eijiro-z.fr\/wp-content\/uploads\/2026\/02\/Prof-H.png 596w, https:\/\/eijiro-z.fr\/wp-content\/uploads\/2026\/02\/Prof-H-212x300.png 212w\" sizes=\"(max-width: 596px) 100vw, 596px\" \/>\t\t\t\t\t\t\t\t\t\t\t\t\t\t\t<\/div>\n\t\t\t\t<div class=\"elementor-element elementor-element-62b6f20 elementor-widget elementor-widget-image\" data-id=\"62b6f20\" data-element_type=\"widget\" data-e-type=\"widget\" data-widget_type=\"image.default\">\n\t\t\t\t\t\t\t\t\t\t\t\t\t\t\t<img loading=\"lazy\" decoding=\"async\" width=\"596\" height=\"843\" src=\"https:\/\/eijiro-z.fr\/wp-content\/uploads\/2026\/02\/prof-JOLLY.png\" class=\"attachment-large size-large wp-image-4307\" alt=\"\" srcset=\"https:\/\/eijiro-z.fr\/wp-content\/uploads\/2026\/02\/prof-JOLLY.png 596w, https:\/\/eijiro-z.fr\/wp-content\/uploads\/2026\/02\/prof-JOLLY-212x300.png 212w\" sizes=\"(max-width: 596px) 100vw, 596px\" \/>\t\t\t\t\t\t\t\t\t\t\t\t\t\t\t<\/div>\n\t\t\t\t\t<\/div>\n\t\t\t\t<\/div>\n\t\t<div class=\"elementor-element elementor-element-5e7c9d5e e-flex e-con-boxed e-con e-parent\" data-id=\"5e7c9d5e\" data-element_type=\"container\" data-e-type=\"container\">\n\t\t\t\t\t<div class=\"e-con-inner\">\n\t\t<div class=\"elementor-element elementor-element-43651cfd e-con-full e-flex e-con e-child\" data-id=\"43651cfd\" data-element_type=\"container\" data-e-type=\"container\">\n\t\t\t\t<div class=\"elementor-element elementor-element-9f6dd9d elementor-align-center elementor-widget elementor-widget-button\" data-id=\"9f6dd9d\" data-element_type=\"widget\" data-e-type=\"widget\" data-widget_type=\"button.default\">\n\t\t\t\t\t\t\t\t\t\t<a class=\"elementor-button elementor-button-link elementor-size-sm\" href=\"https:\/\/eijiro-z.fr\/index.php\/silence-violence\/\">\n\t\t\t\t\t\t<span class=\"elementor-button-content-wrapper\">\n\t\t\t\t\t\t\t\t\t<span class=\"elementor-button-text\">Silence Violence<\/span>\n\t\t\t\t\t<\/span>\n\t\t\t\t\t<\/a>\n\t\t\t\t\t\t\t\t<\/div>\n\t\t\t\t<\/div>\n\t\t<div class=\"elementor-element elementor-element-2ddbf6db e-con-full e-flex e-con e-child\" data-id=\"2ddbf6db\" data-element_type=\"container\" data-e-type=\"container\">\n\t\t\t\t<div class=\"elementor-element elementor-element-3d54ccc0 elementor-widget elementor-widget-image\" data-id=\"3d54ccc0\" data-element_type=\"widget\" data-e-type=\"widget\" data-widget_type=\"image.default\">\n\t\t\t\t\t\t\t\t\t\t\t\t\t\t\t\t<a href=\"https:\/\/eijiro-z.fr\/index.php\/projet-2\/\">\n\t\t\t\t\t\t\t<img loading=\"lazy\" decoding=\"async\" width=\"150\" height=\"150\" src=\"https:\/\/eijiro-z.fr\/wp-content\/uploads\/2026\/01\/Voir_nr-150x150.png\" class=\"elementor-animation-grow-rotate attachment-thumbnail size-thumbnail wp-image-2208\" alt=\"\" srcset=\"https:\/\/eijiro-z.fr\/wp-content\/uploads\/2026\/01\/Voir_nr-150x150.png 150w, https:\/\/eijiro-z.fr\/wp-content\/uploads\/2026\/01\/Voir_nr-300x300.png 300w, https:\/\/eijiro-z.fr\/wp-content\/uploads\/2026\/01\/Voir_nr.png 720w\" sizes=\"(max-width: 150px) 100vw, 150px\" \/>\t\t\t\t\t\t\t\t<\/a>\n\t\t\t\t\t\t\t\t\t\t\t\t\t\t\t<\/div>\n\t\t\t\t<\/div>\n\t\t<div class=\"elementor-element elementor-element-7fbf2a08 e-con-full e-flex e-con e-child\" data-id=\"7fbf2a08\" data-element_type=\"container\" data-e-type=\"container\">\n\t\t\t\t<div class=\"elementor-element elementor-element-6a9e1fb elementor-align-center elementor-widget elementor-widget-button\" data-id=\"6a9e1fb\" data-element_type=\"widget\" data-e-type=\"widget\" data-widget_type=\"button.default\">\n\t\t\t\t\t\t\t\t\t\t<a class=\"elementor-button elementor-button-link elementor-size-sm\" href=\"https:\/\/eijiro-z.fr\/index.php\/jpo-lmd-26\/\">\n\t\t\t\t\t\t<span class=\"elementor-button-content-wrapper\">\n\t\t\t\t\t\t\t\t\t<span class=\"elementor-button-text\">JPO LMD 2026<\/span>\n\t\t\t\t\t<\/span>\n\t\t\t\t\t<\/a>\n\t\t\t\t\t\t\t\t<\/div>\n\t\t\t\t<\/div>\n\t\t\t\t\t<\/div>\n\t\t\t\t<\/div>\n\t\t\t\t<\/div>\n\t\t","protected":false},"excerpt":{"rendered":"<p>http:\/\/eijiro-z.fr\/wp-content\/uploads\/2026\/02\/carnet-de-kroki-modif.mp4 Carnet de Kroki Carnet digital 2024 Carnet r\u00e9alis\u00e9 avec Illustrator et Univer.se en Terminale Arts Appliqu\u00e9s Ce carnet regroupe [&hellip;]<\/p>\n","protected":false},"author":1,"featured_media":0,"parent":0,"menu_order":0,"comment_status":"closed","ping_status":"closed","template":"","meta":{"site-sidebar-layout":"no-sidebar","site-content-layout":"","ast-site-content-layout":"full-width-container","site-content-style":"default","site-sidebar-style":"default","ast-global-header-display":"","ast-banner-title-visibility":"disabled","ast-main-header-display":"","ast-hfb-above-header-display":"","ast-hfb-below-header-display":"","ast-hfb-mobile-header-display":"","site-post-title":"","ast-breadcrumbs-content":"","ast-featured-img":"disabled","footer-sml-layout":"disabled","ast-disable-related-posts":"","theme-transparent-header-meta":"","adv-header-id-meta":"","stick-header-meta":"","header-above-stick-meta":"","header-main-stick-meta":"","header-below-stick-meta":"","astra-migrate-meta-layouts":"default","ast-page-background-enabled":"default","ast-page-background-meta":{"desktop":{"background-color":"var(--ast-global-color-5)","background-image":"","background-repeat":"repeat","background-position":"center center","background-size":"auto","background-attachment":"scroll","background-type":"","background-media":"","overlay-type":"","overlay-color":"","overlay-opacity":"","overlay-gradient":""},"tablet":{"background-color":"","background-image":"","background-repeat":"repeat","background-position":"center center","background-size":"auto","background-attachment":"scroll","background-type":"","background-media":"","overlay-type":"","overlay-color":"","overlay-opacity":"","overlay-gradient":""},"mobile":{"background-color":"","background-image":"","background-repeat":"repeat","background-position":"center center","background-size":"auto","background-attachment":"scroll","background-type":"","background-media":"","overlay-type":"","overlay-color":"","overlay-opacity":"","overlay-gradient":""}},"ast-content-background-meta":{"desktop":{"background-color":"var(--ast-global-color-4)","background-image":"","background-repeat":"repeat","background-position":"center center","background-size":"auto","background-attachment":"scroll","background-type":"","background-media":"","overlay-type":"","overlay-color":"","overlay-opacity":"","overlay-gradient":""},"tablet":{"background-color":"var(--ast-global-color-4)","background-image":"","background-repeat":"repeat","background-position":"center center","background-size":"auto","background-attachment":"scroll","background-type":"","background-media":"","overlay-type":"","overlay-color":"","overlay-opacity":"","overlay-gradient":""},"mobile":{"background-color":"var(--ast-global-color-4)","background-image":"","background-repeat":"repeat","background-position":"center center","background-size":"auto","background-attachment":"scroll","background-type":"","background-media":"","overlay-type":"","overlay-color":"","overlay-opacity":"","overlay-gradient":""}},"footnotes":""},"class_list":["post-4399","page","type-page","status-publish","hentry"],"_links":{"self":[{"href":"https:\/\/eijiro-z.fr\/index.php\/wp-json\/wp\/v2\/pages\/4399","targetHints":{"allow":["GET"]}}],"collection":[{"href":"https:\/\/eijiro-z.fr\/index.php\/wp-json\/wp\/v2\/pages"}],"about":[{"href":"https:\/\/eijiro-z.fr\/index.php\/wp-json\/wp\/v2\/types\/page"}],"author":[{"embeddable":true,"href":"https:\/\/eijiro-z.fr\/index.php\/wp-json\/wp\/v2\/users\/1"}],"replies":[{"embeddable":true,"href":"https:\/\/eijiro-z.fr\/index.php\/wp-json\/wp\/v2\/comments?post=4399"}],"version-history":[{"count":49,"href":"https:\/\/eijiro-z.fr\/index.php\/wp-json\/wp\/v2\/pages\/4399\/revisions"}],"predecessor-version":[{"id":4456,"href":"https:\/\/eijiro-z.fr\/index.php\/wp-json\/wp\/v2\/pages\/4399\/revisions\/4456"}],"wp:attachment":[{"href":"https:\/\/eijiro-z.fr\/index.php\/wp-json\/wp\/v2\/media?parent=4399"}],"curies":[{"name":"wp","href":"https:\/\/api.w.org\/{rel}","templated":true}]}}