{"id":4457,"date":"2026-02-12T14:19:43","date_gmt":"2026-02-12T14:19:43","guid":{"rendered":"https:\/\/eijiro-z.fr\/?page_id=4457"},"modified":"2026-02-12T14:36:37","modified_gmt":"2026-02-12T14:36:37","slug":"calendrier-24-25","status":"publish","type":"page","link":"https:\/\/eijiro-z.fr\/index.php\/calendrier-24-25\/","title":{"rendered":"CALENDRIER 24-25"},"content":{"rendered":"\t\t<div data-elementor-type=\"wp-page\" data-elementor-id=\"4457\" class=\"elementor elementor-4457\">\n\t\t\t\t<div class=\"elementor-element elementor-element-32b746d2 e-flex e-con-boxed e-con e-parent\" data-id=\"32b746d2\" data-element_type=\"container\" data-e-type=\"container\">\n\t\t\t\t\t<div class=\"e-con-inner\">\n\t\t<div class=\"elementor-element elementor-element-6dd4e941 e-con-full e-flex e-con e-child\" data-id=\"6dd4e941\" data-element_type=\"container\" data-e-type=\"container\">\n\t\t\t\t<div class=\"elementor-element elementor-element-379dc31d elementor-widget elementor-widget-image\" data-id=\"379dc31d\" data-element_type=\"widget\" data-e-type=\"widget\" data-widget_type=\"image.default\">\n\t\t\t\t\t\t\t\t\t\t\t\t\t\t\t<img fetchpriority=\"high\" decoding=\"async\" width=\"595\" height=\"842\" src=\"https:\/\/eijiro-z.fr\/wp-content\/uploads\/2026\/02\/Calendar-24-25-Ind.jpg\" class=\"attachment-large size-large wp-image-4318\" alt=\"\" srcset=\"https:\/\/eijiro-z.fr\/wp-content\/uploads\/2026\/02\/Calendar-24-25-Ind.jpg 595w, https:\/\/eijiro-z.fr\/wp-content\/uploads\/2026\/02\/Calendar-24-25-Ind-212x300.jpg 212w\" sizes=\"(max-width: 595px) 100vw, 595px\" \/>\t\t\t\t\t\t\t\t\t\t\t\t\t\t\t<\/div>\n\t\t\t\t<\/div>\n\t\t<div class=\"elementor-element elementor-element-6f77bb92 e-con-full e-flex e-con e-child\" data-id=\"6f77bb92\" data-element_type=\"container\" data-e-type=\"container\">\n\t\t\t\t<div class=\"elementor-element elementor-element-6dbdb0d7 elementor-widget elementor-widget-heading\" data-id=\"6dbdb0d7\" data-element_type=\"widget\" data-e-type=\"widget\" data-widget_type=\"heading.default\">\n\t\t\t\t\t<h1 class=\"elementor-heading-title elementor-size-default\">Calendrier<br>24-25<\/h1>\t\t\t\t<\/div>\n\t\t\t\t<div class=\"elementor-element elementor-element-74c707ec elementor-widget elementor-widget-heading\" data-id=\"74c707ec\" data-element_type=\"widget\" data-e-type=\"widget\" data-widget_type=\"heading.default\">\n\t\t\t\t\t<h2 class=\"elementor-heading-title elementor-size-default\">2024<\/h2>\t\t\t\t<\/div>\n\t\t\t\t<div class=\"elementor-element elementor-element-2e443385 elementor-widget elementor-widget-heading\" data-id=\"2e443385\" data-element_type=\"widget\" data-e-type=\"widget\" data-widget_type=\"heading.default\">\n\t\t\t\t\t<h6 class=\"elementor-heading-title elementor-size-default\">Projet perso. r\u00e9alis\u00e9 en Terminale Arts Appliqu\u00e9s afin de progresser dans ma ma\u00eetrise des logiciels Adobe<\/h6>\t\t\t\t<\/div>\n\t\t\t\t<div class=\"elementor-element elementor-element-7b2948a6 elementor-widget elementor-widget-heading\" data-id=\"7b2948a6\" data-element_type=\"widget\" data-e-type=\"widget\" data-widget_type=\"heading.default\">\n\t\t\t\t\t<h6 class=\"elementor-heading-title elementor-size-default\">Retouche photographique \/ Photoshop\n<br>\nLogotype et \u00e9l\u00e9ments graphiques \/ Illustrator\n<br>\nMise en page \/ InDesign\n<\/h6>\t\t\t\t<\/div>\n\t\t\t\t<\/div>\n\t\t\t\t\t<\/div>\n\t\t\t\t<\/div>\n\t\t<div class=\"elementor-element elementor-element-8d625cb e-grid e-con-boxed e-con e-parent\" data-id=\"8d625cb\" data-element_type=\"container\" data-e-type=\"container\">\n\t\t\t\t\t<div class=\"e-con-inner\">\n\t\t\t\t<div class=\"elementor-element elementor-element-4b124f1 elementor-widget elementor-widget-image\" data-id=\"4b124f1\" data-element_type=\"widget\" data-e-type=\"widget\" data-widget_type=\"image.default\">\n\t\t\t\t\t\t\t\t\t\t\t\t\t\t\t<img decoding=\"async\" width=\"595\" height=\"842\" src=\"https:\/\/eijiro-z.fr\/wp-content\/uploads\/2026\/02\/Calendar-24-25-Ind2.jpg\" class=\"attachment-large size-large wp-image-4319\" alt=\"\" srcset=\"https:\/\/eijiro-z.fr\/wp-content\/uploads\/2026\/02\/Calendar-24-25-Ind2.jpg 595w, https:\/\/eijiro-z.fr\/wp-content\/uploads\/2026\/02\/Calendar-24-25-Ind2-212x300.jpg 212w\" sizes=\"(max-width: 595px) 100vw, 595px\" \/>\t\t\t\t\t\t\t\t\t\t\t\t\t\t\t<\/div>\n\t\t\t\t<div class=\"elementor-element elementor-element-3a20a88 elementor-widget elementor-widget-image\" data-id=\"3a20a88\" data-element_type=\"widget\" data-e-type=\"widget\" data-widget_type=\"image.default\">\n\t\t\t\t\t\t\t\t\t\t\t\t\t\t\t<img decoding=\"async\" width=\"595\" height=\"842\" src=\"https:\/\/eijiro-z.fr\/wp-content\/uploads\/2026\/02\/Calendar-24-25-Ind3.jpg\" class=\"attachment-large size-large wp-image-4320\" alt=\"\" srcset=\"https:\/\/eijiro-z.fr\/wp-content\/uploads\/2026\/02\/Calendar-24-25-Ind3.jpg 595w, https:\/\/eijiro-z.fr\/wp-content\/uploads\/2026\/02\/Calendar-24-25-Ind3-212x300.jpg 212w\" sizes=\"(max-width: 595px) 100vw, 595px\" \/>\t\t\t\t\t\t\t\t\t\t\t\t\t\t\t<\/div>\n\t\t\t\t<div class=\"elementor-element elementor-element-e649cb6 elementor-widget elementor-widget-image\" data-id=\"e649cb6\" data-element_type=\"widget\" data-e-type=\"widget\" data-widget_type=\"image.default\">\n\t\t\t\t\t\t\t\t\t\t\t\t\t\t\t<img loading=\"lazy\" decoding=\"async\" width=\"595\" height=\"842\" src=\"https:\/\/eijiro-z.fr\/wp-content\/uploads\/2026\/02\/Calendar-24-25-Ind4.jpg\" class=\"attachment-large size-large wp-image-4321\" alt=\"\" srcset=\"https:\/\/eijiro-z.fr\/wp-content\/uploads\/2026\/02\/Calendar-24-25-Ind4.jpg 595w, https:\/\/eijiro-z.fr\/wp-content\/uploads\/2026\/02\/Calendar-24-25-Ind4-212x300.jpg 212w\" sizes=\"(max-width: 595px) 100vw, 595px\" \/>\t\t\t\t\t\t\t\t\t\t\t\t\t\t\t<\/div>\n\t\t\t\t<div class=\"elementor-element elementor-element-3839e3b elementor-widget elementor-widget-image\" data-id=\"3839e3b\" data-element_type=\"widget\" data-e-type=\"widget\" data-widget_type=\"image.default\">\n\t\t\t\t\t\t\t\t\t\t\t\t\t\t\t<img loading=\"lazy\" decoding=\"async\" width=\"595\" height=\"842\" src=\"https:\/\/eijiro-z.fr\/wp-content\/uploads\/2026\/02\/Calendar-24-25-Ind5.jpg\" class=\"attachment-large size-large wp-image-4322\" alt=\"\" srcset=\"https:\/\/eijiro-z.fr\/wp-content\/uploads\/2026\/02\/Calendar-24-25-Ind5.jpg 595w, https:\/\/eijiro-z.fr\/wp-content\/uploads\/2026\/02\/Calendar-24-25-Ind5-212x300.jpg 212w\" sizes=\"(max-width: 595px) 100vw, 595px\" \/>\t\t\t\t\t\t\t\t\t\t\t\t\t\t\t<\/div>\n\t\t\t\t<div class=\"elementor-element elementor-element-6750650 elementor-widget elementor-widget-image\" data-id=\"6750650\" data-element_type=\"widget\" data-e-type=\"widget\" data-widget_type=\"image.default\">\n\t\t\t\t\t\t\t\t\t\t\t\t\t\t\t<img loading=\"lazy\" decoding=\"async\" width=\"595\" height=\"842\" src=\"https:\/\/eijiro-z.fr\/wp-content\/uploads\/2026\/02\/Calendar-24-25-Ind6.jpg\" class=\"attachment-large size-large wp-image-4323\" alt=\"\" srcset=\"https:\/\/eijiro-z.fr\/wp-content\/uploads\/2026\/02\/Calendar-24-25-Ind6.jpg 595w, https:\/\/eijiro-z.fr\/wp-content\/uploads\/2026\/02\/Calendar-24-25-Ind6-212x300.jpg 212w\" sizes=\"(max-width: 595px) 100vw, 595px\" \/>\t\t\t\t\t\t\t\t\t\t\t\t\t\t\t<\/div>\n\t\t\t\t<div class=\"elementor-element elementor-element-d831cb9 elementor-widget elementor-widget-image\" data-id=\"d831cb9\" data-element_type=\"widget\" data-e-type=\"widget\" data-widget_type=\"image.default\">\n\t\t\t\t\t\t\t\t\t\t\t\t\t\t\t<img loading=\"lazy\" decoding=\"async\" width=\"595\" height=\"842\" src=\"https:\/\/eijiro-z.fr\/wp-content\/uploads\/2026\/02\/Calendar-24-25-Ind7.jpg\" class=\"attachment-large size-large wp-image-4324\" alt=\"\" srcset=\"https:\/\/eijiro-z.fr\/wp-content\/uploads\/2026\/02\/Calendar-24-25-Ind7.jpg 595w, https:\/\/eijiro-z.fr\/wp-content\/uploads\/2026\/02\/Calendar-24-25-Ind7-212x300.jpg 212w\" sizes=\"(max-width: 595px) 100vw, 595px\" \/>\t\t\t\t\t\t\t\t\t\t\t\t\t\t\t<\/div>\n\t\t\t\t<div class=\"elementor-element elementor-element-919b41b elementor-widget elementor-widget-image\" data-id=\"919b41b\" data-element_type=\"widget\" data-e-type=\"widget\" data-widget_type=\"image.default\">\n\t\t\t\t\t\t\t\t\t\t\t\t\t\t\t<img loading=\"lazy\" decoding=\"async\" width=\"595\" height=\"842\" src=\"https:\/\/eijiro-z.fr\/wp-content\/uploads\/2026\/02\/Calendar-24-25-Ind8.jpg\" class=\"attachment-large size-large wp-image-4325\" alt=\"\" srcset=\"https:\/\/eijiro-z.fr\/wp-content\/uploads\/2026\/02\/Calendar-24-25-Ind8.jpg 595w, https:\/\/eijiro-z.fr\/wp-content\/uploads\/2026\/02\/Calendar-24-25-Ind8-212x300.jpg 212w\" sizes=\"(max-width: 595px) 100vw, 595px\" \/>\t\t\t\t\t\t\t\t\t\t\t\t\t\t\t<\/div>\n\t\t\t\t<div class=\"elementor-element elementor-element-44c0593 elementor-widget elementor-widget-image\" data-id=\"44c0593\" data-element_type=\"widget\" data-e-type=\"widget\" data-widget_type=\"image.default\">\n\t\t\t\t\t\t\t\t\t\t\t\t\t\t\t<img loading=\"lazy\" decoding=\"async\" width=\"595\" height=\"842\" src=\"https:\/\/eijiro-z.fr\/wp-content\/uploads\/2026\/02\/Calendar-24-25-Ind9.jpg\" class=\"attachment-large size-large wp-image-4326\" alt=\"\" srcset=\"https:\/\/eijiro-z.fr\/wp-content\/uploads\/2026\/02\/Calendar-24-25-Ind9.jpg 595w, https:\/\/eijiro-z.fr\/wp-content\/uploads\/2026\/02\/Calendar-24-25-Ind9-212x300.jpg 212w\" sizes=\"(max-width: 595px) 100vw, 595px\" \/>\t\t\t\t\t\t\t\t\t\t\t\t\t\t\t<\/div>\n\t\t\t\t<div class=\"elementor-element elementor-element-d1cb82b elementor-widget elementor-widget-image\" data-id=\"d1cb82b\" data-element_type=\"widget\" data-e-type=\"widget\" data-widget_type=\"image.default\">\n\t\t\t\t\t\t\t\t\t\t\t\t\t\t\t<img loading=\"lazy\" decoding=\"async\" width=\"595\" height=\"842\" src=\"https:\/\/eijiro-z.fr\/wp-content\/uploads\/2026\/02\/Calendar-24-25-Ind10.jpg\" class=\"attachment-large size-large wp-image-4327\" alt=\"\" srcset=\"https:\/\/eijiro-z.fr\/wp-content\/uploads\/2026\/02\/Calendar-24-25-Ind10.jpg 595w, https:\/\/eijiro-z.fr\/wp-content\/uploads\/2026\/02\/Calendar-24-25-Ind10-212x300.jpg 212w\" sizes=\"(max-width: 595px) 100vw, 595px\" \/>\t\t\t\t\t\t\t\t\t\t\t\t\t\t\t<\/div>\n\t\t\t\t<div class=\"elementor-element elementor-element-cfef5f1 elementor-widget elementor-widget-image\" data-id=\"cfef5f1\" data-element_type=\"widget\" data-e-type=\"widget\" data-widget_type=\"image.default\">\n\t\t\t\t\t\t\t\t\t\t\t\t\t\t\t<img loading=\"lazy\" decoding=\"async\" width=\"595\" height=\"842\" src=\"https:\/\/eijiro-z.fr\/wp-content\/uploads\/2026\/02\/Calendar-24-25-Ind11.jpg\" class=\"attachment-large size-large wp-image-4328\" alt=\"\" srcset=\"https:\/\/eijiro-z.fr\/wp-content\/uploads\/2026\/02\/Calendar-24-25-Ind11.jpg 595w, https:\/\/eijiro-z.fr\/wp-content\/uploads\/2026\/02\/Calendar-24-25-Ind11-212x300.jpg 212w\" sizes=\"(max-width: 595px) 100vw, 595px\" \/>\t\t\t\t\t\t\t\t\t\t\t\t\t\t\t<\/div>\n\t\t\t\t<div class=\"elementor-element elementor-element-a897d27 elementor-widget elementor-widget-image\" data-id=\"a897d27\" data-element_type=\"widget\" data-e-type=\"widget\" data-widget_type=\"image.default\">\n\t\t\t\t\t\t\t\t\t\t\t\t\t\t\t<img loading=\"lazy\" decoding=\"async\" width=\"595\" height=\"842\" src=\"https:\/\/eijiro-z.fr\/wp-content\/uploads\/2026\/02\/Calendar-24-25-Ind12.jpg\" class=\"attachment-large size-large wp-image-4329\" alt=\"\" srcset=\"https:\/\/eijiro-z.fr\/wp-content\/uploads\/2026\/02\/Calendar-24-25-Ind12.jpg 595w, https:\/\/eijiro-z.fr\/wp-content\/uploads\/2026\/02\/Calendar-24-25-Ind12-212x300.jpg 212w\" sizes=\"(max-width: 595px) 100vw, 595px\" \/>\t\t\t\t\t\t\t\t\t\t\t\t\t\t\t<\/div>\n\t\t\t\t<div class=\"elementor-element elementor-element-8c21a0c elementor-widget elementor-widget-image\" data-id=\"8c21a0c\" data-element_type=\"widget\" data-e-type=\"widget\" data-widget_type=\"image.default\">\n\t\t\t\t\t\t\t\t\t\t\t\t\t\t\t<img loading=\"lazy\" decoding=\"async\" width=\"595\" height=\"842\" src=\"https:\/\/eijiro-z.fr\/wp-content\/uploads\/2026\/02\/Calendar-24-25-Ind13.jpg\" class=\"attachment-large size-large wp-image-4330\" alt=\"\" srcset=\"https:\/\/eijiro-z.fr\/wp-content\/uploads\/2026\/02\/Calendar-24-25-Ind13.jpg 595w, https:\/\/eijiro-z.fr\/wp-content\/uploads\/2026\/02\/Calendar-24-25-Ind13-212x300.jpg 212w\" sizes=\"(max-width: 595px) 100vw, 595px\" \/>\t\t\t\t\t\t\t\t\t\t\t\t\t\t\t<\/div>\n\t\t\t\t\t<\/div>\n\t\t\t\t<\/div>\n\t\t<div class=\"elementor-element elementor-element-1cfff677 e-flex e-con-boxed e-con e-parent\" data-id=\"1cfff677\" data-element_type=\"container\" data-e-type=\"container\">\n\t\t\t\t\t<div class=\"e-con-inner\">\n\t\t<div class=\"elementor-element elementor-element-a571eae e-con-full e-flex e-con e-child\" data-id=\"a571eae\" data-element_type=\"container\" data-e-type=\"container\">\n\t\t\t\t<div class=\"elementor-element elementor-element-25b0cff9 elementor-widget elementor-widget-button\" data-id=\"25b0cff9\" data-element_type=\"widget\" data-e-type=\"widget\" data-widget_type=\"button.default\">\n\t\t\t\t\t\t\t\t\t\t<a class=\"elementor-button elementor-button-link elementor-size-sm\" href=\"https:\/\/eijiro-z.fr\/index.php\/carnet-de-kroki\/\">\n\t\t\t\t\t\t<span class=\"elementor-button-content-wrapper\">\n\t\t\t\t\t\t\t\t\t<span class=\"elementor-button-text\">Carnet de kroki<\/span>\n\t\t\t\t\t<\/span>\n\t\t\t\t\t<\/a>\n\t\t\t\t\t\t\t\t<\/div>\n\t\t\t\t<\/div>\n\t\t<div class=\"elementor-element elementor-element-1163a82f e-con-full e-flex e-con e-child\" data-id=\"1163a82f\" data-element_type=\"container\" data-e-type=\"container\">\n\t\t\t\t<div class=\"elementor-element elementor-element-5a620f5b elementor-widget elementor-widget-image\" data-id=\"5a620f5b\" data-element_type=\"widget\" data-e-type=\"widget\" data-widget_type=\"image.default\">\n\t\t\t\t\t\t\t\t\t\t\t\t\t\t\t\t<a href=\"https:\/\/eijiro-z.fr\/index.php\/projet-2\/\">\n\t\t\t\t\t\t\t<img loading=\"lazy\" decoding=\"async\" width=\"150\" height=\"150\" src=\"https:\/\/eijiro-z.fr\/wp-content\/uploads\/2026\/01\/Voir_nr-150x150.png\" class=\"elementor-animation-grow-rotate attachment-thumbnail size-thumbnail wp-image-2208\" alt=\"\" srcset=\"https:\/\/eijiro-z.fr\/wp-content\/uploads\/2026\/01\/Voir_nr-150x150.png 150w, https:\/\/eijiro-z.fr\/wp-content\/uploads\/2026\/01\/Voir_nr-300x300.png 300w, https:\/\/eijiro-z.fr\/wp-content\/uploads\/2026\/01\/Voir_nr.png 720w\" sizes=\"(max-width: 150px) 100vw, 150px\" \/>\t\t\t\t\t\t\t\t<\/a>\n\t\t\t\t\t\t\t\t\t\t\t\t\t\t\t<\/div>\n\t\t\t\t<\/div>\n\t\t<div class=\"elementor-element elementor-element-74ef624d e-con-full e-flex e-con e-child\" data-id=\"74ef624d\" data-element_type=\"container\" data-e-type=\"container\">\n\t\t\t\t<div class=\"elementor-element elementor-element-666b8e2a elementor-align-center elementor-widget elementor-widget-button\" data-id=\"666b8e2a\" data-element_type=\"widget\" data-e-type=\"widget\" data-widget_type=\"button.default\">\n\t\t\t\t\t\t\t\t\t\t<a class=\"elementor-button elementor-button-link elementor-size-sm\" href=\"https:\/\/eijiro-z.fr\/index.php\/au-dela-du-reel\/\">\n\t\t\t\t\t\t<span class=\"elementor-button-content-wrapper\">\n\t\t\t\t\t\t\t\t\t<span class=\"elementor-button-text\">Au-del\u00e0 du r\u00e9el<\/span>\n\t\t\t\t\t<\/span>\n\t\t\t\t\t<\/a>\n\t\t\t\t\t\t\t\t<\/div>\n\t\t\t\t<\/div>\n\t\t\t\t\t<\/div>\n\t\t\t\t<\/div>\n\t\t\t\t<\/div>\n\t\t","protected":false},"excerpt":{"rendered":"<p>Calendrier24-25 2024 Projet perso. r\u00e9alis\u00e9 en Terminale Arts Appliqu\u00e9s afin de progresser dans ma ma\u00eetrise des logiciels Adobe Retouche photographique [&hellip;]<\/p>\n","protected":false},"author":1,"featured_media":0,"parent":0,"menu_order":0,"comment_status":"closed","ping_status":"closed","template":"","meta":{"site-sidebar-layout":"no-sidebar","site-content-layout":"","ast-site-content-layout":"full-width-container","site-content-style":"default","site-sidebar-style":"default","ast-global-header-display":"","ast-banner-title-visibility":"disabled","ast-main-header-display":"","ast-hfb-above-header-display":"","ast-hfb-below-header-display":"","ast-hfb-mobile-header-display":"","site-post-title":"","ast-breadcrumbs-content":"","ast-featured-img":"disabled","footer-sml-layout":"disabled","ast-disable-related-posts":"","theme-transparent-header-meta":"","adv-header-id-meta":"","stick-header-meta":"","header-above-stick-meta":"","header-main-stick-meta":"","header-below-stick-meta":"","astra-migrate-meta-layouts":"default","ast-page-background-enabled":"default","ast-page-background-meta":{"desktop":{"background-color":"var(--ast-global-color-5)","background-image":"","background-repeat":"repeat","background-position":"center center","background-size":"auto","background-attachment":"scroll","background-type":"","background-media":"","overlay-type":"","overlay-color":"","overlay-opacity":"","overlay-gradient":""},"tablet":{"background-color":"","background-image":"","background-repeat":"repeat","background-position":"center center","background-size":"auto","background-attachment":"scroll","background-type":"","background-media":"","overlay-type":"","overlay-color":"","overlay-opacity":"","overlay-gradient":""},"mobile":{"background-color":"","background-image":"","background-repeat":"repeat","background-position":"center center","background-size":"auto","background-attachment":"scroll","background-type":"","background-media":"","overlay-type":"","overlay-color":"","overlay-opacity":"","overlay-gradient":""}},"ast-content-background-meta":{"desktop":{"background-color":"var(--ast-global-color-4)","background-image":"","background-repeat":"repeat","background-position":"center center","background-size":"auto","background-attachment":"scroll","background-type":"","background-media":"","overlay-type":"","overlay-color":"","overlay-opacity":"","overlay-gradient":""},"tablet":{"background-color":"var(--ast-global-color-4)","background-image":"","background-repeat":"repeat","background-position":"center center","background-size":"auto","background-attachment":"scroll","background-type":"","background-media":"","overlay-type":"","overlay-color":"","overlay-opacity":"","overlay-gradient":""},"mobile":{"background-color":"var(--ast-global-color-4)","background-image":"","background-repeat":"repeat","background-position":"center center","background-size":"auto","background-attachment":"scroll","background-type":"","background-media":"","overlay-type":"","overlay-color":"","overlay-opacity":"","overlay-gradient":""}},"footnotes":""},"class_list":["post-4457","page","type-page","status-publish","hentry"],"_links":{"self":[{"href":"https:\/\/eijiro-z.fr\/index.php\/wp-json\/wp\/v2\/pages\/4457","targetHints":{"allow":["GET"]}}],"collection":[{"href":"https:\/\/eijiro-z.fr\/index.php\/wp-json\/wp\/v2\/pages"}],"about":[{"href":"https:\/\/eijiro-z.fr\/index.php\/wp-json\/wp\/v2\/types\/page"}],"author":[{"embeddable":true,"href":"https:\/\/eijiro-z.fr\/index.php\/wp-json\/wp\/v2\/users\/1"}],"replies":[{"embeddable":true,"href":"https:\/\/eijiro-z.fr\/index.php\/wp-json\/wp\/v2\/comments?post=4457"}],"version-history":[{"count":19,"href":"https:\/\/eijiro-z.fr\/index.php\/wp-json\/wp\/v2\/pages\/4457\/revisions"}],"predecessor-version":[{"id":4482,"href":"https:\/\/eijiro-z.fr\/index.php\/wp-json\/wp\/v2\/pages\/4457\/revisions\/4482"}],"wp:attachment":[{"href":"https:\/\/eijiro-z.fr\/index.php\/wp-json\/wp\/v2\/media?parent=4457"}],"curies":[{"name":"wp","href":"https:\/\/api.w.org\/{rel}","templated":true}]}}