{"id":768,"date":"2026-01-03T21:38:57","date_gmt":"2026-01-03T21:38:57","guid":{"rendered":"https:\/\/eijiro-z.fr\/?page_id=768"},"modified":"2026-02-11T13:39:53","modified_gmt":"2026-02-11T13:39:53","slug":"jpo-lmd-26","status":"publish","type":"page","link":"https:\/\/eijiro-z.fr\/index.php\/jpo-lmd-26\/","title":{"rendered":"JPO 2026 LMD"},"content":{"rendered":"\t\t<div data-elementor-type=\"wp-page\" data-elementor-id=\"768\" class=\"elementor elementor-768\">\n\t\t\t\t<div class=\"elementor-element elementor-element-a7276ff e-flex e-con-boxed e-con e-parent\" data-id=\"a7276ff\" data-element_type=\"container\" data-e-type=\"container\">\n\t\t\t\t\t<div class=\"e-con-inner\">\n\t\t<div class=\"elementor-element elementor-element-038d127 e-con-full e-flex e-con e-child\" data-id=\"038d127\" data-element_type=\"container\" data-e-type=\"container\">\n\t\t\t\t<div class=\"elementor-element elementor-element-05c5e0c elementor-widget elementor-widget-image\" data-id=\"05c5e0c\" data-element_type=\"widget\" data-e-type=\"widget\" data-widget_type=\"image.default\">\n\t\t\t\t\t\t\t\t\t\t\t\t\t\t\t<img fetchpriority=\"high\" decoding=\"async\" width=\"682\" height=\"1024\" src=\"https:\/\/eijiro-z.fr\/wp-content\/uploads\/2026\/01\/AFFICHE-JPO-2026-682x1024.png\" class=\"attachment-large size-large wp-image-900\" alt=\"\" srcset=\"https:\/\/eijiro-z.fr\/wp-content\/uploads\/2026\/01\/AFFICHE-JPO-2026-682x1024.png 682w, https:\/\/eijiro-z.fr\/wp-content\/uploads\/2026\/01\/AFFICHE-JPO-2026-200x300.png 200w, https:\/\/eijiro-z.fr\/wp-content\/uploads\/2026\/01\/AFFICHE-JPO-2026.png 719w\" sizes=\"(max-width: 682px) 100vw, 682px\" \/>\t\t\t\t\t\t\t\t\t\t\t\t\t\t\t<\/div>\n\t\t\t\t<\/div>\n\t\t<div class=\"elementor-element elementor-element-5cd1c1f e-con-full e-flex e-con e-child\" data-id=\"5cd1c1f\" data-element_type=\"container\" data-e-type=\"container\">\n\t\t\t\t<div class=\"elementor-element elementor-element-18310ef elementor-widget elementor-widget-heading\" data-id=\"18310ef\" data-element_type=\"widget\" data-e-type=\"widget\" data-widget_type=\"heading.default\">\n\t\t\t\t\t<h1 class=\"elementor-heading-title elementor-size-default\">Workshop<\/h1>\t\t\t\t<\/div>\n\t\t\t\t<div class=\"elementor-element elementor-element-8f24e8f elementor-widget elementor-widget-heading\" data-id=\"8f24e8f\" data-element_type=\"widget\" data-e-type=\"widget\" data-widget_type=\"heading.default\">\n\t\t\t\t\t<h2 class=\"elementor-heading-title elementor-size-default\">JPO 2026<\/h2>\t\t\t\t<\/div>\n\t\t\t\t<div class=\"elementor-element elementor-element-9274fee elementor-widget elementor-widget-heading\" data-id=\"9274fee\" data-element_type=\"widget\" data-e-type=\"widget\" data-widget_type=\"heading.default\">\n\t\t\t\t\t<h6 class=\"elementor-heading-title elementor-size-default\">Appel \u00e0 projet commandit\u00e9 par l\u2019administration de l\u2019\u00e9cole<\/h6>\t\t\t\t<\/div>\n\t\t\t\t<div class=\"elementor-element elementor-element-68c373f elementor-widget elementor-widget-heading\" data-id=\"68c373f\" data-element_type=\"widget\" data-e-type=\"widget\" data-widget_type=\"heading.default\">\n\t\t\t\t\t<h6 class=\"elementor-heading-title elementor-size-default\">En collaboration avec les \u00e9tudiants en DN2 Graphisme, nous devions cr\u00e9er un visuel et des supports de communication pour l\u2019\u00e9dition 2026 des\nJourn\u00e9es Portes Ouvertes de La Martini\u00e8re Diderot.<\/h6>\t\t\t\t<\/div>\n\t\t<div class=\"elementor-element elementor-element-886c8c4 e-con-full e-grid e-con e-child\" data-id=\"886c8c4\" data-element_type=\"container\" data-e-type=\"container\">\n\t\t\t\t<div class=\"elementor-element elementor-element-1326fd6 elementor-widget elementor-widget-image\" data-id=\"1326fd6\" data-element_type=\"widget\" data-e-type=\"widget\" data-widget_type=\"image.default\">\n\t\t\t\t\t\t\t\t\t\t\t\t\t\t\t<img decoding=\"async\" width=\"300\" height=\"300\" src=\"https:\/\/eijiro-z.fr\/wp-content\/uploads\/2026\/01\/Carre-300x300.png\" class=\"attachment-medium size-medium wp-image-922\" alt=\"\" srcset=\"https:\/\/eijiro-z.fr\/wp-content\/uploads\/2026\/01\/Carre-300x300.png 300w, https:\/\/eijiro-z.fr\/wp-content\/uploads\/2026\/01\/Carre-150x150.png 150w, https:\/\/eijiro-z.fr\/wp-content\/uploads\/2026\/01\/elementor\/thumbs\/Carre-rhbfwqq8enpc5t0azgandrjcfa5ct0u0j5smqkfpao.png 200w, https:\/\/eijiro-z.fr\/wp-content\/uploads\/2026\/01\/Carre.png 573w\" sizes=\"(max-width: 300px) 100vw, 300px\" \/>\t\t\t\t\t\t\t\t\t\t\t\t\t\t\t<\/div>\n\t\t\t\t<div class=\"elementor-element elementor-element-b2fe906 elementor-widget elementor-widget-image\" data-id=\"b2fe906\" data-element_type=\"widget\" data-e-type=\"widget\" data-widget_type=\"image.default\">\n\t\t\t\t\t\t\t\t\t\t\t\t\t\t\t<img decoding=\"async\" width=\"300\" height=\"300\" src=\"https:\/\/eijiro-z.fr\/wp-content\/uploads\/2026\/01\/rond-300x300.png\" class=\"attachment-medium size-medium wp-image-924\" alt=\"\" srcset=\"https:\/\/eijiro-z.fr\/wp-content\/uploads\/2026\/01\/rond-300x300.png 300w, https:\/\/eijiro-z.fr\/wp-content\/uploads\/2026\/01\/rond-150x150.png 150w, https:\/\/eijiro-z.fr\/wp-content\/uploads\/2026\/01\/rond.png 666w\" sizes=\"(max-width: 300px) 100vw, 300px\" \/>\t\t\t\t\t\t\t\t\t\t\t\t\t\t\t<\/div>\n\t\t\t\t<div class=\"elementor-element elementor-element-2684573 elementor-widget elementor-widget-image\" data-id=\"2684573\" data-element_type=\"widget\" data-e-type=\"widget\" data-widget_type=\"image.default\">\n\t\t\t\t\t\t\t\t\t\t\t\t\t\t\t<img loading=\"lazy\" decoding=\"async\" width=\"300\" height=\"293\" src=\"https:\/\/eijiro-z.fr\/wp-content\/uploads\/2026\/01\/D-300x293.png\" class=\"attachment-medium size-medium wp-image-923\" alt=\"\" srcset=\"https:\/\/eijiro-z.fr\/wp-content\/uploads\/2026\/01\/D-300x293.png 300w, https:\/\/eijiro-z.fr\/wp-content\/uploads\/2026\/01\/D.png 666w\" sizes=\"(max-width: 300px) 100vw, 300px\" \/>\t\t\t\t\t\t\t\t\t\t\t\t\t\t\t<\/div>\n\t\t\t\t<\/div>\n\t\t\t\t<\/div>\n\t\t\t\t\t<\/div>\n\t\t\t\t<\/div>\n\t\t<div class=\"elementor-element elementor-element-6d8ed22 e-flex e-con-boxed e-con e-parent\" data-id=\"6d8ed22\" data-element_type=\"container\" data-e-type=\"container\">\n\t\t\t\t\t<div class=\"e-con-inner\">\n\t\t<div class=\"elementor-element elementor-element-d65aa13 e-con-full e-flex e-con e-child\" data-id=\"d65aa13\" data-element_type=\"container\" data-e-type=\"container\">\n\t\t\t\t<div class=\"elementor-element elementor-element-33df7a3 elementor-widget elementor-widget-heading\" data-id=\"33df7a3\" data-element_type=\"widget\" data-e-type=\"widget\" data-widget_type=\"heading.default\">\n\t\t\t\t\t<h6 class=\"elementor-heading-title elementor-size-default\">Le projet devait int\u00e9grer des\nteasers qui seraient diffus\u00e9s tour \u00e0 tour sur les r\u00e9seaux sociaux, ainsi que des GIF carr\u00e9s qui eux prendraient place sur le site web de l'\u00e9cole.<br><br>Ces derniers auraient pour objectif de rythmer l\u2019approche conceptuelle et informationnelle du message.<\/h6>\t\t\t\t<\/div>\n\t\t\t\t<\/div>\n\t\t\t\t\t<\/div>\n\t\t\t\t<\/div>\n\t\t<div class=\"elementor-element elementor-element-05d258f e-grid e-con-boxed e-con e-parent\" data-id=\"05d258f\" data-element_type=\"container\" data-e-type=\"container\">\n\t\t\t\t\t<div class=\"e-con-inner\">\n\t\t<div class=\"elementor-element elementor-element-d3a3058 e-con-full e-flex e-con e-child\" data-id=\"d3a3058\" data-element_type=\"container\" data-e-type=\"container\">\n\t\t\t\t<div class=\"elementor-element elementor-element-bb761c7 elementor-widget elementor-widget-heading\" data-id=\"bb761c7\" data-element_type=\"widget\" data-e-type=\"widget\" data-widget_type=\"heading.default\">\n\t\t\t\t\t<h2 class=\"elementor-heading-title elementor-size-default\">Teaser 01<\/h2>\t\t\t\t<\/div>\n\t\t\t\t<div class=\"elementor-element elementor-element-2ff58c6 elementor-widget elementor-widget-heading\" data-id=\"2ff58c6\" data-element_type=\"widget\" data-e-type=\"widget\" data-widget_type=\"heading.default\">\n\t\t\t\t\t<h4 class=\"elementor-heading-title elementor-size-default\">'Ouverture' (sound design)<\/h4>\t\t\t\t<\/div>\n\t\t\t\t<div class=\"elementor-element elementor-element-f0a0121 elementor-widget elementor-widget-video\" data-id=\"f0a0121\" data-element_type=\"widget\" data-e-type=\"widget\" data-settings=\"{&quot;video_type&quot;:&quot;hosted&quot;,&quot;controls&quot;:&quot;yes&quot;}\" data-widget_type=\"video.default\">\n\t\t\t\t\t\t\t<div class=\"e-hosted-video elementor-wrapper elementor-open-inline\">\n\t\t\t\t\t<video class=\"elementor-video\" src=\"http:\/\/eijiro-z.fr\/wp-content\/uploads\/2026\/01\/TEASER_01_JPO26.mp4\" controls=\"\" preload=\"metadata\" controlsList=\"nodownload\"><\/video>\n\t\t\t\t<\/div>\n\t\t\t\t\t\t<\/div>\n\t\t\t\t<div class=\"elementor-element elementor-element-88c137f elementor-widget elementor-widget-heading\" data-id=\"88c137f\" data-element_type=\"widget\" data-e-type=\"widget\" data-widget_type=\"heading.default\">\n\t\t\t\t\t<h6 class=\"elementor-heading-title elementor-size-default\">L'ouverture se remarque \u00e0 travers les masques qui permettent au logotype, aux formes et au texte d'entrer dans le cadre. Le tout se pr\u00e9sente dans le m\u00eame univers que l'affiche, soit un visuel minimal, lumineux et chaleureux.<br>Ce premier motion laisse du suspense, il donne des informations tout en gardant une certaine sobri\u00e9t\u00e9 de d\u00e9part.<\/h6>\t\t\t\t<\/div>\n\t\t\t\t<div class=\"elementor-element elementor-element-c7b0cc2 elementor-widget elementor-widget-video\" data-id=\"c7b0cc2\" data-element_type=\"widget\" data-e-type=\"widget\" data-settings=\"{&quot;video_type&quot;:&quot;hosted&quot;,&quot;autoplay&quot;:&quot;yes&quot;,&quot;play_on_mobile&quot;:&quot;yes&quot;,&quot;mute&quot;:&quot;yes&quot;,&quot;loop&quot;:&quot;yes&quot;}\" data-widget_type=\"video.default\">\n\t\t\t\t\t\t\t<div class=\"e-hosted-video elementor-wrapper elementor-open-inline\">\n\t\t\t\t\t<video class=\"elementor-video\" src=\"http:\/\/eijiro-z.fr\/wp-content\/uploads\/2026\/01\/GIF_01_JPO26.mp4\" autoplay=\"\" loop=\"\" muted=\"muted\" playsinline=\"\" controlsList=\"nodownload\"><\/video>\n\t\t\t\t<\/div>\n\t\t\t\t\t\t<\/div>\n\t\t\t\t<\/div>\n\t\t<div class=\"elementor-element elementor-element-49e0243 e-con-full e-flex e-con e-child\" data-id=\"49e0243\" data-element_type=\"container\" data-e-type=\"container\">\n\t\t\t\t<div class=\"elementor-element elementor-element-3d0a55a elementor-widget elementor-widget-heading\" data-id=\"3d0a55a\" data-element_type=\"widget\" data-e-type=\"widget\" data-widget_type=\"heading.default\">\n\t\t\t\t\t<h2 class=\"elementor-heading-title elementor-size-default\">TEASER 02<\/h2>\t\t\t\t<\/div>\n\t\t\t\t<div class=\"elementor-element elementor-element-f280a46 elementor-widget elementor-widget-heading\" data-id=\"f280a46\" data-element_type=\"widget\" data-e-type=\"widget\" data-widget_type=\"heading.default\">\n\t\t\t\t\t<h4 class=\"elementor-heading-title elementor-size-default\">'rencontre'<\/h4>\t\t\t\t<\/div>\n\t\t\t\t<div class=\"elementor-element elementor-element-2fa4787 elementor-widget elementor-widget-video\" data-id=\"2fa4787\" data-element_type=\"widget\" data-e-type=\"widget\" data-settings=\"{&quot;video_type&quot;:&quot;hosted&quot;,&quot;autoplay&quot;:&quot;yes&quot;,&quot;play_on_mobile&quot;:&quot;yes&quot;,&quot;loop&quot;:&quot;yes&quot;,&quot;mute&quot;:&quot;yes&quot;}\" data-widget_type=\"video.default\">\n\t\t\t\t\t\t\t<div class=\"e-hosted-video elementor-wrapper elementor-open-inline\">\n\t\t\t\t\t<video class=\"elementor-video\" src=\"http:\/\/eijiro-z.fr\/wp-content\/uploads\/2026\/01\/TEASER_02_JPO26.mp4\" autoplay=\"\" loop=\"\" muted=\"muted\" playsinline=\"\" controlsList=\"nodownload\"><\/video>\n\t\t\t\t<\/div>\n\t\t\t\t\t\t<\/div>\n\t\t\t\t<div class=\"elementor-element elementor-element-eb0daa7 elementor-widget elementor-widget-heading\" data-id=\"eb0daa7\" data-element_type=\"widget\" data-e-type=\"widget\" data-widget_type=\"heading.default\">\n\t\t\t\t\t<h6 class=\"elementor-heading-title elementor-size-default\">Dans un premier temps, les trois formes communiquent en se pr\u00e9sentant puis, ensemble, entrent dans le cadre accompagn\u00e9 du texte qui adopte la fonte de notre affiche, une mani\u00e8re d'officialiser davantage le motion et l'\u00e9v\u00e8nement en exprimant le mouvement lorsque les \u00e9l\u00e9ments s'en vont dans des directions diverses tout en faisant groupe.<br><br><\/h6>\t\t\t\t<\/div>\n\t\t\t\t<div class=\"elementor-element elementor-element-ab5ebbc elementor-widget elementor-widget-video\" data-id=\"ab5ebbc\" data-element_type=\"widget\" data-e-type=\"widget\" data-settings=\"{&quot;video_type&quot;:&quot;hosted&quot;,&quot;autoplay&quot;:&quot;yes&quot;,&quot;play_on_mobile&quot;:&quot;yes&quot;,&quot;mute&quot;:&quot;yes&quot;,&quot;loop&quot;:&quot;yes&quot;}\" data-widget_type=\"video.default\">\n\t\t\t\t\t\t\t<div class=\"e-hosted-video elementor-wrapper elementor-open-inline\">\n\t\t\t\t\t<video class=\"elementor-video\" src=\"http:\/\/eijiro-z.fr\/wp-content\/uploads\/2026\/01\/GIF_02_JPO26.mp4\" autoplay=\"\" loop=\"\" muted=\"muted\" playsinline=\"\" controlsList=\"nodownload\"><\/video>\n\t\t\t\t<\/div>\n\t\t\t\t\t\t<\/div>\n\t\t\t\t<\/div>\n\t\t<div class=\"elementor-element elementor-element-b267145 e-con-full e-flex e-con e-child\" data-id=\"b267145\" data-element_type=\"container\" data-e-type=\"container\">\n\t\t\t\t<div class=\"elementor-element elementor-element-b1a4903 elementor-widget elementor-widget-heading\" data-id=\"b1a4903\" data-element_type=\"widget\" data-e-type=\"widget\" data-widget_type=\"heading.default\">\n\t\t\t\t\t<h2 class=\"elementor-heading-title elementor-size-default\">TEASER 03<\/h2>\t\t\t\t<\/div>\n\t\t\t\t<div class=\"elementor-element elementor-element-65935ff elementor-widget elementor-widget-heading\" data-id=\"65935ff\" data-element_type=\"widget\" data-e-type=\"widget\" data-widget_type=\"heading.default\">\n\t\t\t\t\t<h4 class=\"elementor-heading-title elementor-size-default\">'union'<\/h4>\t\t\t\t<\/div>\n\t\t\t\t<div class=\"elementor-element elementor-element-aa75ad1 elementor-widget elementor-widget-video\" data-id=\"aa75ad1\" data-element_type=\"widget\" data-e-type=\"widget\" data-settings=\"{&quot;video_type&quot;:&quot;hosted&quot;,&quot;autoplay&quot;:&quot;yes&quot;,&quot;play_on_mobile&quot;:&quot;yes&quot;,&quot;loop&quot;:&quot;yes&quot;,&quot;mute&quot;:&quot;yes&quot;}\" data-widget_type=\"video.default\">\n\t\t\t\t\t\t\t<div class=\"e-hosted-video elementor-wrapper elementor-open-inline\">\n\t\t\t\t\t<video class=\"elementor-video\" src=\"http:\/\/eijiro-z.fr\/wp-content\/uploads\/2026\/01\/TEASER_03_JPO26-1.mp4\" autoplay=\"\" loop=\"\" muted=\"muted\" playsinline=\"\" controlsList=\"nodownload\"><\/video>\n\t\t\t\t<\/div>\n\t\t\t\t\t\t<\/div>\n\t\t\t\t<div class=\"elementor-element elementor-element-be83333 elementor-widget elementor-widget-heading\" data-id=\"be83333\" data-element_type=\"widget\" data-e-type=\"widget\" data-widget_type=\"heading.default\">\n\t\t\t\t\t<h6 class=\"elementor-heading-title elementor-size-default\">Ce dernier teaser rappelle \u00e0 nouveau les m\u00eames informations que les pr\u00e9c\u00e9dents. Les formes se mouvent \u00e0 l'unisson avec un l\u00e9ger d\u00e9calage afin d'apporter du dynamisme et de mettre en avant la diversit\u00e9 des formations. Un seul exemplaire de chacune des formes r\u00e9appara\u00eet afin de repr\u00e9senter les 3 p\u00f4les que propose l'\u00e9cole. Les formes se figent et le logo appara\u00eet \u00e0 la fin comme une signature.<\/h6>\t\t\t\t<\/div>\n\t\t\t\t<div class=\"elementor-element elementor-element-8c5933f elementor-widget elementor-widget-video\" data-id=\"8c5933f\" data-element_type=\"widget\" data-e-type=\"widget\" data-settings=\"{&quot;video_type&quot;:&quot;hosted&quot;,&quot;autoplay&quot;:&quot;yes&quot;,&quot;play_on_mobile&quot;:&quot;yes&quot;,&quot;mute&quot;:&quot;yes&quot;,&quot;loop&quot;:&quot;yes&quot;}\" data-widget_type=\"video.default\">\n\t\t\t\t\t\t\t<div class=\"e-hosted-video elementor-wrapper elementor-open-inline\">\n\t\t\t\t\t<video class=\"elementor-video\" src=\"http:\/\/eijiro-z.fr\/wp-content\/uploads\/2026\/01\/GIF_03_JPO26.mp4\" autoplay=\"\" loop=\"\" muted=\"muted\" playsinline=\"\" controlsList=\"nodownload\"><\/video>\n\t\t\t\t<\/div>\n\t\t\t\t\t\t<\/div>\n\t\t\t\t<\/div>\n\t\t\t\t\t<\/div>\n\t\t\t\t<\/div>\n\t\t<div class=\"elementor-element elementor-element-03dae42 e-flex e-con-boxed e-con e-parent\" data-id=\"03dae42\" data-element_type=\"container\" data-e-type=\"container\">\n\t\t\t\t\t<div class=\"e-con-inner\">\n\t\t<div class=\"elementor-element elementor-element-aadea63 e-con-full e-flex e-con e-child\" data-id=\"aadea63\" data-element_type=\"container\" data-e-type=\"container\">\n\t\t\t\t<div class=\"elementor-element elementor-element-43ad46b elementor-widget elementor-widget-heading\" data-id=\"43ad46b\" data-element_type=\"widget\" data-e-type=\"widget\" data-widget_type=\"heading.default\">\n\t\t\t\t\t<h6 class=\"elementor-heading-title elementor-size-default\">Le sound design quant \u00e0 lui a \u00e9t\u00e9 r\u00e9alis\u00e9 en assemblant une musique de fond aux notes flottantes ainsi que plusieurs notifications d'apparition ou de mouvement.<br><br>Sa port\u00e9e \u00e9tait d'amener une \u00e9nergie apaisante, lumineuse et chaleureuse et ajoute un aspect contemplatif qui invite \u00e0 la rencontre et \u00e0 la d\u00e9couverte.<br> <br>Il est adapt\u00e9 sur chacun des teasers en fonction des animations afin de garder une harmonie visuelle et sonore.<\/h6>\t\t\t\t<\/div>\n\t\t\t\t<\/div>\n\t\t\t\t\t<\/div>\n\t\t\t\t<\/div>\n\t\t<div class=\"elementor-element elementor-element-481123c3 e-flex e-con-boxed e-con e-parent\" data-id=\"481123c3\" data-element_type=\"container\" data-e-type=\"container\">\n\t\t\t\t\t<div class=\"e-con-inner\">\n\t\t<div class=\"elementor-element elementor-element-7dd9e5ae e-con-full e-flex e-con e-child\" data-id=\"7dd9e5ae\" data-element_type=\"container\" data-e-type=\"container\">\n\t\t\t\t<div class=\"elementor-element elementor-element-62d9c1d9 elementor-mobile-align-center elementor-widget elementor-widget-button\" data-id=\"62d9c1d9\" data-element_type=\"widget\" data-e-type=\"widget\" data-widget_type=\"button.default\">\n\t\t\t\t\t\t\t\t\t\t<a class=\"elementor-button elementor-button-link elementor-size-sm\" href=\"https:\/\/eijiro-z.fr\/index.php\/dolographie\/\">\n\t\t\t\t\t\t<span class=\"elementor-button-content-wrapper\">\n\t\t\t\t\t\t\t\t\t<span class=\"elementor-button-text\">Dolo+graphie<\/span>\n\t\t\t\t\t<\/span>\n\t\t\t\t\t<\/a>\n\t\t\t\t\t\t\t\t<\/div>\n\t\t\t\t<\/div>\n\t\t<div class=\"elementor-element elementor-element-3b127997 e-con-full e-flex e-con e-child\" data-id=\"3b127997\" data-element_type=\"container\" data-e-type=\"container\">\n\t\t\t\t<div class=\"elementor-element elementor-element-3c8c3402 elementor-widget elementor-widget-image\" data-id=\"3c8c3402\" data-element_type=\"widget\" data-e-type=\"widget\" data-widget_type=\"image.default\">\n\t\t\t\t\t\t\t\t\t\t\t\t\t\t\t\t<a href=\"https:\/\/eijiro-z.fr\/index.php\/projet-2\/\">\n\t\t\t\t\t\t\t<img loading=\"lazy\" decoding=\"async\" width=\"150\" height=\"150\" src=\"https:\/\/eijiro-z.fr\/wp-content\/uploads\/2026\/01\/Voir_nr-150x150.png\" class=\"elementor-animation-grow-rotate attachment-thumbnail size-thumbnail wp-image-2208\" alt=\"\" srcset=\"https:\/\/eijiro-z.fr\/wp-content\/uploads\/2026\/01\/Voir_nr-150x150.png 150w, https:\/\/eijiro-z.fr\/wp-content\/uploads\/2026\/01\/Voir_nr-300x300.png 300w, https:\/\/eijiro-z.fr\/wp-content\/uploads\/2026\/01\/Voir_nr.png 720w\" sizes=\"(max-width: 150px) 100vw, 150px\" \/>\t\t\t\t\t\t\t\t<\/a>\n\t\t\t\t\t\t\t\t\t\t\t\t\t\t\t<\/div>\n\t\t\t\t<\/div>\n\t\t<div class=\"elementor-element elementor-element-78af19eb e-con-full e-flex e-con e-child\" data-id=\"78af19eb\" data-element_type=\"container\" data-e-type=\"container\">\n\t\t\t\t<div class=\"elementor-element elementor-element-2d0554a9 elementor-align-center elementor-widget elementor-widget-button\" data-id=\"2d0554a9\" data-element_type=\"widget\" data-e-type=\"widget\" data-widget_type=\"button.default\">\n\t\t\t\t\t\t\t\t\t\t<a class=\"elementor-button elementor-button-link elementor-size-sm\" href=\"https:\/\/eijiro-z.fr\/index.php\/atelier-motion\/\">\n\t\t\t\t\t\t<span class=\"elementor-button-content-wrapper\">\n\t\t\t\t\t\t\t\t\t<span class=\"elementor-button-text\">Atelier Motion<\/span>\n\t\t\t\t\t<\/span>\n\t\t\t\t\t<\/a>\n\t\t\t\t\t\t\t\t<\/div>\n\t\t\t\t<\/div>\n\t\t\t\t\t<\/div>\n\t\t\t\t<\/div>\n\t\t\t\t<\/div>\n\t\t","protected":false},"excerpt":{"rendered":"<p>Workshop JPO 2026 Appel \u00e0 projet commandit\u00e9 par l\u2019administration de l\u2019\u00e9cole En collaboration avec les \u00e9tudiants en DN2 Graphisme, nous [&hellip;]<\/p>\n","protected":false},"author":1,"featured_media":0,"parent":0,"menu_order":0,"comment_status":"closed","ping_status":"closed","template":"","meta":{"site-sidebar-layout":"no-sidebar","site-content-layout":"","ast-site-content-layout":"full-width-container","site-content-style":"default","site-sidebar-style":"default","ast-global-header-display":"","ast-banner-title-visibility":"disabled","ast-main-header-display":"","ast-hfb-above-header-display":"","ast-hfb-below-header-display":"","ast-hfb-mobile-header-display":"","site-post-title":"disabled","ast-breadcrumbs-content":"","ast-featured-img":"disabled","footer-sml-layout":"disabled","ast-disable-related-posts":"","theme-transparent-header-meta":"","adv-header-id-meta":"","stick-header-meta":"","header-above-stick-meta":"","header-main-stick-meta":"","header-below-stick-meta":"","astra-migrate-meta-layouts":"default","ast-page-background-enabled":"default","ast-page-background-meta":{"desktop":{"background-color":"var(--ast-global-color-5)","background-image":"","background-repeat":"repeat","background-position":"center center","background-size":"auto","background-attachment":"scroll","background-type":"","background-media":"","overlay-type":"","overlay-color":"","overlay-opacity":"","overlay-gradient":""},"tablet":{"background-color":"","background-image":"","background-repeat":"repeat","background-position":"center center","background-size":"auto","background-attachment":"scroll","background-type":"","background-media":"","overlay-type":"","overlay-color":"","overlay-opacity":"","overlay-gradient":""},"mobile":{"background-color":"","background-image":"","background-repeat":"repeat","background-position":"center center","background-size":"auto","background-attachment":"scroll","background-type":"","background-media":"","overlay-type":"","overlay-color":"","overlay-opacity":"","overlay-gradient":""}},"ast-content-background-meta":{"desktop":{"background-color":"var(--ast-global-color-4)","background-image":"","background-repeat":"repeat","background-position":"center center","background-size":"auto","background-attachment":"scroll","background-type":"","background-media":"","overlay-type":"","overlay-color":"","overlay-opacity":"","overlay-gradient":""},"tablet":{"background-color":"var(--ast-global-color-4)","background-image":"","background-repeat":"repeat","background-position":"center center","background-size":"auto","background-attachment":"scroll","background-type":"","background-media":"","overlay-type":"","overlay-color":"","overlay-opacity":"","overlay-gradient":""},"mobile":{"background-color":"var(--ast-global-color-4)","background-image":"","background-repeat":"repeat","background-position":"center center","background-size":"auto","background-attachment":"scroll","background-type":"","background-media":"","overlay-type":"","overlay-color":"","overlay-opacity":"","overlay-gradient":""}},"footnotes":""},"class_list":["post-768","page","type-page","status-publish","hentry"],"_links":{"self":[{"href":"https:\/\/eijiro-z.fr\/index.php\/wp-json\/wp\/v2\/pages\/768","targetHints":{"allow":["GET"]}}],"collection":[{"href":"https:\/\/eijiro-z.fr\/index.php\/wp-json\/wp\/v2\/pages"}],"about":[{"href":"https:\/\/eijiro-z.fr\/index.php\/wp-json\/wp\/v2\/types\/page"}],"author":[{"embeddable":true,"href":"https:\/\/eijiro-z.fr\/index.php\/wp-json\/wp\/v2\/users\/1"}],"replies":[{"embeddable":true,"href":"https:\/\/eijiro-z.fr\/index.php\/wp-json\/wp\/v2\/comments?post=768"}],"version-history":[{"count":248,"href":"https:\/\/eijiro-z.fr\/index.php\/wp-json\/wp\/v2\/pages\/768\/revisions"}],"predecessor-version":[{"id":4256,"href":"https:\/\/eijiro-z.fr\/index.php\/wp-json\/wp\/v2\/pages\/768\/revisions\/4256"}],"wp:attachment":[{"href":"https:\/\/eijiro-z.fr\/index.php\/wp-json\/wp\/v2\/media?parent=768"}],"curies":[{"name":"wp","href":"https:\/\/api.w.org\/{rel}","templated":true}]}}